{"id":130,"date":"2025-03-25T15:58:43","date_gmt":"2025-03-25T14:58:43","guid":{"rendered":"http:\/\/scolemoi.fr\/?page_id=130"},"modified":"2025-04-02T14:13:27","modified_gmt":"2025-04-02T12:13:27","slug":"tarifs","status":"publish","type":"page","link":"https:\/\/scolemoi.fr\/?page_id=130","title":{"rendered":"Tarifs"},"content":{"rendered":"<p>[et_pb_section fb_built=\u00a0\u00bb1&Prime; custom_padding_last_edited=\u00a0\u00bbon|phone\u00a0\u00bb _builder_version=\u00a0\u00bb4.24.2&Prime; _module_preset=\u00a0\u00bbdefault\u00a0\u00bb background_color=\u00a0\u00bb#f7f6f4&Prime; custom_margin=\u00a0\u00bb0px||0px||false|false\u00a0\u00bb custom_padding=\u00a0\u00bb120px||80px||false|false\u00a0\u00bb custom_padding_tablet=\u00a0\u00bb120px||120px||false|false\u00a0\u00bb custom_padding_phone=\u00a0\u00bb90px|30px|90px|30px|false|false\u00a0\u00bb global_colors_info=\u00a0\u00bb{}\u00a0\u00bb][et_pb_row _builder_version=\u00a0\u00bb4.24.2&Prime; _module_preset=\u00a0\u00bbdefault\u00a0\u00bb width=\u00a0\u00bb90%\u00a0\u00bb max_width=\u00a0\u00bb1290px\u00a0\u00bb custom_margin=\u00a0\u00bb0px||25px||false|false\u00a0\u00bb custom_padding=\u00a0\u00bb0px||0px||false|false\u00a0\u00bb global_colors_info=\u00a0\u00bb{}\u00a0\u00bb][et_pb_column type=\u00a0\u00bb4_4&Prime; _builder_version=\u00a0\u00bb4.21.0&Prime; _module_preset=\u00a0\u00bbdefault\u00a0\u00bb global_colors_info=\u00a0\u00bb{}\u00a0\u00bb][et_pb_text _builder_version=\u00a0\u00bb4.27.0&Prime; _module_preset=\u00a0\u00bbdefault\u00a0\u00bb header_2_font=\u00a0\u00bbPrata|700|||||||\u00a0\u00bb header_2_text_align=\u00a0\u00bbleft\u00a0\u00bb header_2_text_color=\u00a0\u00bb#0c0f26&Prime; header_2_font_size=\u00a0\u00bb47px\u00a0\u00bb header_2_line_height=\u00a0\u00bb1.3em\u00a0\u00bb max_width=\u00a0\u00bb1000px\u00a0\u00bb custom_margin=\u00a0\u00bb0px||0px||false|false\u00a0\u00bb custom_padding=\u00a0\u00bb0px||0px||false|false\u00a0\u00bb header_2_font_size_tablet=\u00a0\u00bb47px\u00a0\u00bb header_2_font_size_phone=\u00a0\u00bb30px\u00a0\u00bb header_2_font_size_last_edited=\u00a0\u00bbon|phone\u00a0\u00bb global_colors_info=\u00a0\u00bb{}\u00a0\u00bb]<\/p>\n<h2>Tarifs<\/h2>\n<p>[\/et_pb_text][et_pb_text _builder_version=\u00a0\u00bb4.27.0&Prime; _module_preset=\u00a0\u00bbdefault\u00a0\u00bb text_font=\u00a0\u00bbGlory||||||||\u00a0\u00bb text_text_color=\u00a0\u00bb#6b6e71&Prime; text_font_size=\u00a0\u00bb19px\u00a0\u00bb text_line_height=\u00a0\u00bb1.4em\u00a0\u00bb module_alignment=\u00a0\u00bbleft\u00a0\u00bb custom_margin=\u00a0\u00bb0px||24px||false|false\u00a0\u00bb custom_padding=\u00a0\u00bb0px||0px||false|false\u00a0\u00bb global_colors_info=\u00a0\u00bb{}\u00a0\u00bb]<\/p>\n<p><span>L&rsquo;accompagnement s&rsquo;effectue au domicile de l&rsquo;enfant<\/span><\/p>\n<p>[\/et_pb_text][\/et_pb_column][\/et_pb_row][et_pb_row column_structure=\u00a0\u00bb1_2,1_2&Prime; use_custom_gutter=\u00a0\u00bbon\u00a0\u00bb gutter_width=\u00a0\u00bb2&Prime; make_equal=\u00a0\u00bbon\u00a0\u00bb _builder_version=\u00a0\u00bb4.27.0&Prime; _module_preset=\u00a0\u00bbdefault\u00a0\u00bb width=\u00a0\u00bb90%\u00a0\u00bb max_width=\u00a0\u00bb1290px\u00a0\u00bb custom_margin=\u00a0\u00bb0px||0px||false|false\u00a0\u00bb custom_padding=\u00a0\u00bb0px||0px||false|false\u00a0\u00bb global_colors_info=\u00a0\u00bb{}\u00a0\u00bb][et_pb_column type=\u00a0\u00bb1_2&Prime; _builder_version=\u00a0\u00bb4.21.0&Prime; _module_preset=\u00a0\u00bbdefault\u00a0\u00bb background_color=\u00a0\u00bb#FFFFFF\u00a0\u00bb custom_padding=\u00a0\u00bb55px|35px|34px|35px|false|false\u00a0\u00bb link_option_url=\u00a0\u00bb#\u00a0\u00bb global_colors_info=\u00a0\u00bb{}\u00a0\u00bb][et_pb_text _builder_version=\u00a0\u00bb4.27.0&Prime; _module_preset=\u00a0\u00bbdefault\u00a0\u00bb header_3_font=\u00a0\u00bbPrata|700|||||||\u00a0\u00bb header_3_text_align=\u00a0\u00bbcenter\u00a0\u00bb header_3_text_color=\u00a0\u00bb#0c0f26&Prime; header_3_font_size=\u00a0\u00bb20px\u00a0\u00bb header_3_line_height=\u00a0\u00bb1.2em\u00a0\u00bb custom_margin=\u00a0\u00bb0px||0px||false|false\u00a0\u00bb custom_padding=\u00a0\u00bb0px||0px||false|false\u00a0\u00bb global_colors_info=\u00a0\u00bb{}\u00a0\u00bb]<\/p>\n<h4 style=\"text-align: center;\"><span style=\"color: #333333;\"><strong>D\u00e9claration des heures sur le compte CESU<\/strong><\/span><\/h4>\n<p style=\"text-align: center;\"><strong><\/strong><\/p>\n<p style=\"text-align: center;\"><strong><\/strong><\/p>\n<p style=\"text-align: center;\"><strong><\/strong><\/p>\n<p>[\/et_pb_text][et_pb_text _builder_version=\u00a0\u00bb4.27.0&Prime; _module_preset=\u00a0\u00bbdefault\u00a0\u00bb text_font=\u00a0\u00bbGlory||||||||\u00a0\u00bb text_text_color=\u00a0\u00bb#6b6e71&Prime; text_font_size=\u00a0\u00bb19px\u00a0\u00bb text_line_height=\u00a0\u00bb1.4em\u00a0\u00bb text_orientation=\u00a0\u00bbcenter\u00a0\u00bb custom_margin=\u00a0\u00bb0px||24px||false|false\u00a0\u00bb custom_padding=\u00a0\u00bb0px||0px||false|false\u00a0\u00bb global_colors_info=\u00a0\u00bb{}\u00a0\u00bb]<\/p>\n<p>\u00c0 la fin de chaque mois, les heures effectu\u00e9es sont d\u00e9clar\u00e9es via\u00a0le <strong>CESU<\/strong>, un dispositif qui vous permet de b\u00e9n\u00e9ficier d\u2019avantages fiscaux. Mes honoraires sont de 50 \u20ac de l\u2019heure.\u00a0<\/p>\n<p>[\/et_pb_text][\/et_pb_column][et_pb_column type=\u00a0\u00bb1_2&Prime; _builder_version=\u00a0\u00bb4.21.0&Prime; _module_preset=\u00a0\u00bbdefault\u00a0\u00bb background_color=\u00a0\u00bb#FFFFFF\u00a0\u00bb custom_padding=\u00a0\u00bb55px|35px|34px|35px|false|false\u00a0\u00bb link_option_url=\u00a0\u00bb#\u00a0\u00bb global_colors_info=\u00a0\u00bb{}\u00a0\u00bb][et_pb_text _builder_version=\u00a0\u00bb4.27.0&Prime; _module_preset=\u00a0\u00bbdefault\u00a0\u00bb header_3_font=\u00a0\u00bbPrata|700|||||||\u00a0\u00bb header_3_text_align=\u00a0\u00bbcenter\u00a0\u00bb header_3_text_color=\u00a0\u00bb#0c0f26&Prime; header_3_font_size=\u00a0\u00bb20px\u00a0\u00bb header_3_line_height=\u00a0\u00bb1.2em\u00a0\u00bb custom_margin=\u00a0\u00bb0px||0px||false|false\u00a0\u00bb custom_padding=\u00a0\u00bb0px||0px||false|false\u00a0\u00bb global_colors_info=\u00a0\u00bb{}\u00a0\u00bb]<\/p>\n<h4 style=\"text-align: center;\"><span style=\"color: #333333;\"><strong>Enseignante \u00e0 v\u00e9lo<\/strong><\/span><\/h4>\n<p style=\"text-align: center;\"><strong><\/strong><\/p>\n<p style=\"text-align: center;\"><strong><\/strong><\/p>\n<p style=\"text-align: center;\"><strong><\/strong><\/p>\n<p>[\/et_pb_text][et_pb_text _builder_version=\u00a0\u00bb4.27.0&Prime; _module_preset=\u00a0\u00bbdefault\u00a0\u00bb text_font=\u00a0\u00bbGlory||||||||\u00a0\u00bb text_text_color=\u00a0\u00bb#6b6e71&Prime; text_font_size=\u00a0\u00bb19px\u00a0\u00bb text_line_height=\u00a0\u00bb1.4em\u00a0\u00bb text_orientation=\u00a0\u00bbcenter\u00a0\u00bb custom_margin=\u00a0\u00bb0px||24px||false|false\u00a0\u00bb custom_padding=\u00a0\u00bb0px||0px||false|false\u00a0\u00bb global_colors_info=\u00a0\u00bb{}\u00a0\u00bb]<\/p>\n<p>Dans une d\u00e9marche \u00e9cologique, je me d\u00e9place \u00e0 v\u00e9lo. Je suis bas\u00e9e au niveau de Proc\u00e9. En fonction de la distance \u00e0 parcourir, je demande des frais de d\u00e9placement pour compenser le temps de trajet.<\/p>\n<p>&nbsp;<\/p>\n<p>&nbsp;<\/p>\n<p>[\/et_pb_text][\/et_pb_column][\/et_pb_row][\/et_pb_section]<\/p>\n","protected":false},"excerpt":{"rendered":"<p>TarifsL&rsquo;accompagnement s&rsquo;effectue au domicile de l&rsquo;enfantD\u00e9claration des heures sur le compte CESU \u00c0 la fin de chaque mois, les heures effectu\u00e9es sont d\u00e9clar\u00e9es via\u00a0le CESU, un dispositif qui vous permet de b\u00e9n\u00e9ficier d\u2019avantages fiscaux. Mes honoraires sont de 50 \u20ac de l\u2019heure.\u00a0Enseignante \u00e0 v\u00e9lo Dans une d\u00e9marche \u00e9cologique, je me d\u00e9place \u00e0 v\u00e9lo. Je suis [&hellip;]<\/p>\n","protected":false},"author":1,"featured_media":0,"parent":0,"menu_order":0,"comment_status":"closed","ping_status":"closed","template":"","meta":{"_et_pb_use_builder":"on","_et_pb_old_content":"","_et_gb_content_width":"","footnotes":""},"class_list":["post-130","page","type-page","status-publish","hentry"],"yoast_head":"<!-- This site is optimized with the Yoast SEO plugin v26.9 - https:\/\/yoast.com\/product\/yoast-seo-wordpress\/ -->\n<title>Tarifs - Scol&#039;\u00c9moi<\/title>\n<meta name=\"robots\" content=\"index, follow, max-snippet:-1, max-image-preview:large, max-video-preview:-1\" \/>\n<link rel=\"canonical\" href=\"http:\/\/scolemoi.fr\/?page_id=130\" \/>\n<meta property=\"og:locale\" content=\"fr_FR\" \/>\n<meta property=\"og:type\" content=\"article\" \/>\n<meta property=\"og:title\" content=\"Tarifs - Scol&#039;\u00c9moi\" \/>\n<meta property=\"og:description\" content=\"TarifsL&#039;accompagnement s&#039;effectue au domicile de l&#039;enfantD\u00e9claration des heures sur le compte CESU \u00c0 la fin de chaque mois, les heures effectu\u00e9es sont d\u00e9clar\u00e9es via\u00a0le CESU, un dispositif qui vous permet de b\u00e9n\u00e9ficier d\u2019avantages fiscaux. Mes honoraires sont de 50 \u20ac de l\u2019heure.\u00a0Enseignante \u00e0 v\u00e9lo Dans une d\u00e9marche \u00e9cologique, je me d\u00e9place \u00e0 v\u00e9lo. Je suis [&hellip;]\" \/>\n<meta property=\"og:url\" content=\"http:\/\/scolemoi.fr\/?page_id=130\" \/>\n<meta property=\"og:site_name\" content=\"Scol&#039;\u00c9moi\" \/>\n<meta property=\"article:modified_time\" content=\"2025-04-02T12:13:27+00:00\" \/>\n<meta name=\"twitter:card\" content=\"summary_large_image\" \/>\n<meta name=\"twitter:label1\" content=\"Dur\u00e9e de lecture estim\u00e9e\" \/>\n\t<meta name=\"twitter:data1\" content=\"3 minutes\" \/>\n<script type=\"application\/ld+json\" class=\"yoast-schema-graph\">{\"@context\":\"https:\/\/schema.org\",\"@graph\":[{\"@type\":\"WebPage\",\"@id\":\"http:\/\/scolemoi.fr\/?page_id=130\",\"url\":\"http:\/\/scolemoi.fr\/?page_id=130\",\"name\":\"Tarifs - Scol&#039;\u00c9moi\",\"isPartOf\":{\"@id\":\"https:\/\/scolemoi.fr\/#website\"},\"datePublished\":\"2025-03-25T14:58:43+00:00\",\"dateModified\":\"2025-04-02T12:13:27+00:00\",\"breadcrumb\":{\"@id\":\"http:\/\/scolemoi.fr\/?page_id=130#breadcrumb\"},\"inLanguage\":\"fr-FR\",\"potentialAction\":[{\"@type\":\"ReadAction\",\"target\":[\"http:\/\/scolemoi.fr\/?page_id=130\"]}]},{\"@type\":\"BreadcrumbList\",\"@id\":\"http:\/\/scolemoi.fr\/?page_id=130#breadcrumb\",\"itemListElement\":[{\"@type\":\"ListItem\",\"position\":1,\"name\":\"Accueil\",\"item\":\"https:\/\/scolemoi.fr\/\"},{\"@type\":\"ListItem\",\"position\":2,\"name\":\"Tarifs\"}]},{\"@type\":\"WebSite\",\"@id\":\"https:\/\/scolemoi.fr\/#website\",\"url\":\"https:\/\/scolemoi.fr\/\",\"name\":\"Scol&#039;\u00c9moi\",\"description\":\"Apprendre autrement, grandir sereinement.\",\"publisher\":{\"@id\":\"https:\/\/scolemoi.fr\/#organization\"},\"potentialAction\":[{\"@type\":\"SearchAction\",\"target\":{\"@type\":\"EntryPoint\",\"urlTemplate\":\"https:\/\/scolemoi.fr\/?s={search_term_string}\"},\"query-input\":{\"@type\":\"PropertyValueSpecification\",\"valueRequired\":true,\"valueName\":\"search_term_string\"}}],\"inLanguage\":\"fr-FR\"},{\"@type\":\"Organization\",\"@id\":\"https:\/\/scolemoi.fr\/#organization\",\"name\":\"Scol&#039;\u00c9moi\",\"url\":\"https:\/\/scolemoi.fr\/\",\"logo\":{\"@type\":\"ImageObject\",\"inLanguage\":\"fr-FR\",\"@id\":\"https:\/\/scolemoi.fr\/#\/schema\/logo\/image\/\",\"url\":\"https:\/\/scolemoi.fr\/wp-content\/uploads\/2025\/03\/cropped-cropped-identite-site.png\",\"contentUrl\":\"https:\/\/scolemoi.fr\/wp-content\/uploads\/2025\/03\/cropped-cropped-identite-site.png\",\"width\":512,\"height\":512,\"caption\":\"Scol&#039;\u00c9moi\"},\"image\":{\"@id\":\"https:\/\/scolemoi.fr\/#\/schema\/logo\/image\/\"}}]}<\/script>\n<!-- \/ Yoast SEO plugin. -->","yoast_head_json":{"title":"Tarifs - Scol&#039;\u00c9moi","robots":{"index":"index","follow":"follow","max-snippet":"max-snippet:-1","max-image-preview":"max-image-preview:large","max-video-preview":"max-video-preview:-1"},"canonical":"http:\/\/scolemoi.fr\/?page_id=130","og_locale":"fr_FR","og_type":"article","og_title":"Tarifs - Scol&#039;\u00c9moi","og_description":"TarifsL'accompagnement s'effectue au domicile de l'enfantD\u00e9claration des heures sur le compte CESU \u00c0 la fin de chaque mois, les heures effectu\u00e9es sont d\u00e9clar\u00e9es via\u00a0le CESU, un dispositif qui vous permet de b\u00e9n\u00e9ficier d\u2019avantages fiscaux. Mes honoraires sont de 50 \u20ac de l\u2019heure.\u00a0Enseignante \u00e0 v\u00e9lo Dans une d\u00e9marche \u00e9cologique, je me d\u00e9place \u00e0 v\u00e9lo. Je suis [&hellip;]","og_url":"http:\/\/scolemoi.fr\/?page_id=130","og_site_name":"Scol&#039;\u00c9moi","article_modified_time":"2025-04-02T12:13:27+00:00","twitter_card":"summary_large_image","twitter_misc":{"Dur\u00e9e de lecture estim\u00e9e":"3 minutes"},"schema":{"@context":"https:\/\/schema.org","@graph":[{"@type":"WebPage","@id":"http:\/\/scolemoi.fr\/?page_id=130","url":"http:\/\/scolemoi.fr\/?page_id=130","name":"Tarifs - Scol&#039;\u00c9moi","isPartOf":{"@id":"https:\/\/scolemoi.fr\/#website"},"datePublished":"2025-03-25T14:58:43+00:00","dateModified":"2025-04-02T12:13:27+00:00","breadcrumb":{"@id":"http:\/\/scolemoi.fr\/?page_id=130#breadcrumb"},"inLanguage":"fr-FR","potentialAction":[{"@type":"ReadAction","target":["http:\/\/scolemoi.fr\/?page_id=130"]}]},{"@type":"BreadcrumbList","@id":"http:\/\/scolemoi.fr\/?page_id=130#breadcrumb","itemListElement":[{"@type":"ListItem","position":1,"name":"Accueil","item":"https:\/\/scolemoi.fr\/"},{"@type":"ListItem","position":2,"name":"Tarifs"}]},{"@type":"WebSite","@id":"https:\/\/scolemoi.fr\/#website","url":"https:\/\/scolemoi.fr\/","name":"Scol&#039;\u00c9moi","description":"Apprendre autrement, grandir sereinement.","publisher":{"@id":"https:\/\/scolemoi.fr\/#organization"},"potentialAction":[{"@type":"SearchAction","target":{"@type":"EntryPoint","urlTemplate":"https:\/\/scolemoi.fr\/?s={search_term_string}"},"query-input":{"@type":"PropertyValueSpecification","valueRequired":true,"valueName":"search_term_string"}}],"inLanguage":"fr-FR"},{"@type":"Organization","@id":"https:\/\/scolemoi.fr\/#organization","name":"Scol&#039;\u00c9moi","url":"https:\/\/scolemoi.fr\/","logo":{"@type":"ImageObject","inLanguage":"fr-FR","@id":"https:\/\/scolemoi.fr\/#\/schema\/logo\/image\/","url":"https:\/\/scolemoi.fr\/wp-content\/uploads\/2025\/03\/cropped-cropped-identite-site.png","contentUrl":"https:\/\/scolemoi.fr\/wp-content\/uploads\/2025\/03\/cropped-cropped-identite-site.png","width":512,"height":512,"caption":"Scol&#039;\u00c9moi"},"image":{"@id":"https:\/\/scolemoi.fr\/#\/schema\/logo\/image\/"}}]}},"_links":{"self":[{"href":"https:\/\/scolemoi.fr\/index.php?rest_route=\/wp\/v2\/pages\/130","targetHints":{"allow":["GET"]}}],"collection":[{"href":"https:\/\/scolemoi.fr\/index.php?rest_route=\/wp\/v2\/pages"}],"about":[{"href":"https:\/\/scolemoi.fr\/index.php?rest_route=\/wp\/v2\/types\/page"}],"author":[{"embeddable":true,"href":"https:\/\/scolemoi.fr\/index.php?rest_route=\/wp\/v2\/users\/1"}],"replies":[{"embeddable":true,"href":"https:\/\/scolemoi.fr\/index.php?rest_route=%2Fwp%2Fv2%2Fcomments&post=130"}],"version-history":[{"count":4,"href":"https:\/\/scolemoi.fr\/index.php?rest_route=\/wp\/v2\/pages\/130\/revisions"}],"predecessor-version":[{"id":320,"href":"https:\/\/scolemoi.fr\/index.php?rest_route=\/wp\/v2\/pages\/130\/revisions\/320"}],"wp:attachment":[{"href":"https:\/\/scolemoi.fr\/index.php?rest_route=%2Fwp%2Fv2%2Fmedia&parent=130"}],"curies":[{"name":"wp","href":"https:\/\/api.w.org\/{rel}","templated":true}]}}