{"id":126,"date":"2025-03-25T15:51:49","date_gmt":"2025-03-25T14:51:49","guid":{"rendered":"http:\/\/scolemoi.fr\/?page_id=126"},"modified":"2025-04-03T15:05:30","modified_gmt":"2025-04-03T13:05:30","slug":"mes-services","status":"publish","type":"page","link":"https:\/\/scolemoi.fr\/?page_id=126","title":{"rendered":"Mes services"},"content":{"rendered":"<p>[et_pb_section fb_built=\u00a0\u00bb1&Prime; custom_padding_last_edited=\u00a0\u00bbon|phone\u00a0\u00bb _builder_version=\u00a0\u00bb4.24.2&Prime; _module_preset=\u00a0\u00bbdefault\u00a0\u00bb background_color=\u00a0\u00bb#f7f6f4&Prime; custom_margin=\u00a0\u00bb0px||0px||false|false\u00a0\u00bb custom_padding=\u00a0\u00bb120px||120px||false|false\u00a0\u00bb custom_padding_tablet=\u00a0\u00bb120px||120px||false|false\u00a0\u00bb custom_padding_phone=\u00a0\u00bb90px||90px||false|false\u00a0\u00bb global_colors_info=\u00a0\u00bb{}\u00a0\u00bb][et_pb_row _builder_version=\u00a0\u00bb4.24.2&Prime; _module_preset=\u00a0\u00bbdefault\u00a0\u00bb width=\u00a0\u00bb90%\u00a0\u00bb max_width=\u00a0\u00bb1290px\u00a0\u00bb custom_margin=\u00a0\u00bb0px||25px||false|false\u00a0\u00bb custom_padding=\u00a0\u00bb0px||0px||false|false\u00a0\u00bb global_colors_info=\u00a0\u00bb{}\u00a0\u00bb][et_pb_column type=\u00a0\u00bb4_4&Prime; _builder_version=\u00a0\u00bb4.21.0&Prime; _module_preset=\u00a0\u00bbdefault\u00a0\u00bb global_colors_info=\u00a0\u00bb{}\u00a0\u00bb][et_pb_text _builder_version=\u00a0\u00bb4.24.2&Prime; _module_preset=\u00a0\u00bbdefault\u00a0\u00bb text_font=\u00a0\u00bb|||on|||||\u00a0\u00bb text_text_color=\u00a0\u00bb#000000&Prime; text_letter_spacing=\u00a0\u00bb3px\u00a0\u00bb header_4_font=\u00a0\u00bbPrata|700||on|||||\u00a0\u00bb header_4_text_align=\u00a0\u00bbleft\u00a0\u00bb header_4_text_color=\u00a0\u00bb#0c0f26&Prime; header_4_font_size=\u00a0\u00bb11px\u00a0\u00bb header_4_letter_spacing=\u00a0\u00bb2px\u00a0\u00bb header_4_line_height=\u00a0\u00bb1.2em\u00a0\u00bb max_width=\u00a0\u00bb600px\u00a0\u00bb custom_margin=\u00a0\u00bb0px||11px||false|false\u00a0\u00bb custom_margin_tablet=\u00a0\u00bb0px||||false|false\u00a0\u00bb custom_margin_phone=\u00a0\u00bb0px||11px||false|false\u00a0\u00bb custom_margin_last_edited=\u00a0\u00bboff|tablet\u00a0\u00bb custom_padding=\u00a0\u00bb0px||0px||false|false\u00a0\u00bb global_colors_info=\u00a0\u00bb{}\u00a0\u00bb]<\/p>\n<p>Mes services<\/p>\n<p>[\/et_pb_text][et_pb_text _builder_version=\u00a0\u00bb4.27.0&Prime; _module_preset=\u00a0\u00bbdefault\u00a0\u00bb header_2_font=\u00a0\u00bbPrata|700|||||||\u00a0\u00bb header_2_text_align=\u00a0\u00bbleft\u00a0\u00bb header_2_text_color=\u00a0\u00bb#0c0f26&Prime; header_2_font_size=\u00a0\u00bb47px\u00a0\u00bb header_2_line_height=\u00a0\u00bb1.3em\u00a0\u00bb max_width=\u00a0\u00bb1211px\u00a0\u00bb custom_margin=\u00a0\u00bb0px||0px||false|false\u00a0\u00bb custom_padding=\u00a0\u00bb0px||0px||false|false\u00a0\u00bb header_2_font_size_tablet=\u00a0\u00bb47px\u00a0\u00bb header_2_font_size_phone=\u00a0\u00bb30px\u00a0\u00bb header_2_font_size_last_edited=\u00a0\u00bbon|phone\u00a0\u00bb global_colors_info=\u00a0\u00bb{}\u00a0\u00bb]<\/p>\n<h2>Un accompagnement adapt\u00e9 \u00e0 chaque enfant<\/h2>\n<p>[\/et_pb_text][et_pb_text _builder_version=\u00a0\u00bb4.27.0&Prime; _module_preset=\u00a0\u00bbdefault\u00a0\u00bb text_font=\u00a0\u00bbGlory||||||||\u00a0\u00bb text_text_color=\u00a0\u00bb#6b6e71&Prime; text_font_size=\u00a0\u00bb19px\u00a0\u00bb text_line_height=\u00a0\u00bb1.4em\u00a0\u00bb custom_margin=\u00a0\u00bb0px||24px||false|false\u00a0\u00bb custom_padding=\u00a0\u00bb0px||0px||false|false\u00a0\u00bb global_colors_info=\u00a0\u00bb{}\u00a0\u00bb]<\/p>\n<p>Chaque enfant est unique, et chaque parcours scolaire l\u2019est aussi.\u00a0<strong>Scol\u2019\u00c9moi<\/strong>\u00a0propose un accompagnement\u00a0<strong>personnalis\u00e9 et bienveillant<\/strong>, pour aider ceux pour qui l\u2019\u00e9cole est un d\u00e9fi, qu\u2019ils soient d\u00e9scolaris\u00e9s ou en difficult\u00e9 malgr\u00e9 leur scolarisation.<\/p>\n<p>[\/et_pb_text][\/et_pb_column][\/et_pb_row][et_pb_row column_structure=\u00a0\u00bb1_4,1_4,1_4,1_4&Prime; use_custom_gutter=\u00a0\u00bbon\u00a0\u00bb gutter_width=\u00a0\u00bb2&Prime; make_equal=\u00a0\u00bbon\u00a0\u00bb _builder_version=\u00a0\u00bb4.27.0&Prime; _module_preset=\u00a0\u00bbdefault\u00a0\u00bb width=\u00a0\u00bb90%\u00a0\u00bb max_width=\u00a0\u00bb1290px\u00a0\u00bb custom_margin=\u00a0\u00bb0px||0px||false|false\u00a0\u00bb custom_padding=\u00a0\u00bb0px||0px||false|false\u00a0\u00bb global_colors_info=\u00a0\u00bb{}\u00a0\u00bb][et_pb_column type=\u00a0\u00bb1_4&Prime; _builder_version=\u00a0\u00bb4.27.0&Prime; _module_preset=\u00a0\u00bbdefault\u00a0\u00bb background_color=\u00a0\u00bb#FFFFFF\u00a0\u00bb custom_padding=\u00a0\u00bb55px|35px|34px|35px|false|false\u00a0\u00bb link_option_url=\u00a0\u00bb#\u00a0\u00bb global_colors_info=\u00a0\u00bb{}\u00a0\u00bb][et_pb_text _builder_version=\u00a0\u00bb4.27.0&Prime; _module_preset=\u00a0\u00bbdefault\u00a0\u00bb header_3_font=\u00a0\u00bbPrata|700|||||||\u00a0\u00bb header_3_text_align=\u00a0\u00bbcenter\u00a0\u00bb header_3_text_color=\u00a0\u00bb#0c0f26&Prime; header_3_font_size=\u00a0\u00bb20px\u00a0\u00bb header_3_line_height=\u00a0\u00bb1.2em\u00a0\u00bb custom_margin=\u00a0\u00bb0px||0px||false|false\u00a0\u00bb custom_padding=\u00a0\u00bb0px||0px||false|false\u00a0\u00bb global_colors_info=\u00a0\u00bb{}\u00a0\u00bb]<\/p>\n<h3><strong>Accompagner les enfants d\u00e9scolaris\u00e9s<\/strong>\u00a0(phobie scolaire, troubles des apprentissages\u2026)<\/h3>\n<p>&nbsp;<\/p>\n<p>[\/et_pb_text][et_pb_text _builder_version=\u00a0\u00bb4.27.0&Prime; _module_preset=\u00a0\u00bbdefault\u00a0\u00bb text_font=\u00a0\u00bbGlory||||||||\u00a0\u00bb text_text_color=\u00a0\u00bb#6b6e71&Prime; text_font_size=\u00a0\u00bb19px\u00a0\u00bb text_line_height=\u00a0\u00bb1.4em\u00a0\u00bb text_orientation=\u00a0\u00bbcenter\u00a0\u00bb custom_margin=\u00a0\u00bb0px||24px||false|false\u00a0\u00bb custom_padding=\u00a0\u00bb0px||0px||false|false\u00a0\u00bb global_colors_info=\u00a0\u00bb{}\u00a0\u00bb]<\/p>\n<p style=\"text-align: center;\">Quand l\u2019\u00e9cole devient une source d\u2019angoisse, que la peur de l\u2019\u00e9chec ou le mal-\u00eatre prennent le dessus, il est essentiel de retrouver\u00a0<strong>un cadre s\u00e9curisant et progressif<\/strong>.<\/p>\n<p style=\"text-align: center;\">J\u2019accompagne ces enfants \u00e0 domicile, en respectant leur rythme, pour :<\/p>\n<ul>\n<li style=\"text-align: center;\"><strong>R\u00e9tablir la confiance en soi et le plaisir d\u2019apprendre<\/strong><\/li>\n<li style=\"text-align: center;\"><strong>Remettre en place une dynamique d\u2019apprentissage adapt\u00e9e<\/strong><\/li>\n<li style=\"text-align: center;\"><strong>Pr\u00e9parer un retour \u00e9ventuel en milieu scolaire, en douceur<\/strong><\/li>\n<\/ul>\n<p>[\/et_pb_text][\/et_pb_column][et_pb_column type=\u00a0\u00bb1_4&Prime; _builder_version=\u00a0\u00bb4.21.0&Prime; _module_preset=\u00a0\u00bbdefault\u00a0\u00bb background_color=\u00a0\u00bb#FFFFFF\u00a0\u00bb custom_padding=\u00a0\u00bb55px|35px|34px|35px|false|false\u00a0\u00bb link_option_url=\u00a0\u00bb#\u00a0\u00bb global_colors_info=\u00a0\u00bb{}\u00a0\u00bb][et_pb_text _builder_version=\u00a0\u00bb4.27.0&Prime; _module_preset=\u00a0\u00bbdefault\u00a0\u00bb header_3_font=\u00a0\u00bbPrata|700|||||||\u00a0\u00bb header_3_text_align=\u00a0\u00bbcenter\u00a0\u00bb header_3_text_color=\u00a0\u00bb#0c0f26&Prime; header_3_font_size=\u00a0\u00bb20px\u00a0\u00bb header_3_line_height=\u00a0\u00bb1.2em\u00a0\u00bb custom_margin=\u00a0\u00bb0px||0px||false|false\u00a0\u00bb custom_padding=\u00a0\u00bb0px||0px||false|false\u00a0\u00bb global_colors_info=\u00a0\u00bb{}\u00a0\u00bb]<\/p>\n<h3>\u00a0<strong>Soutenir les enfants scolaris\u00e9s en difficult\u00e9<\/strong><\/h3>\n<p><strong><\/strong><\/p>\n<p>&nbsp;<\/p>\n<p>[\/et_pb_text][et_pb_text _builder_version=\u00a0\u00bb4.27.0&Prime; _module_preset=\u00a0\u00bbdefault\u00a0\u00bb text_font=\u00a0\u00bbGlory||||||||\u00a0\u00bb text_text_color=\u00a0\u00bb#6b6e71&Prime; text_font_size=\u00a0\u00bb19px\u00a0\u00bb text_line_height=\u00a0\u00bb1.4em\u00a0\u00bb text_orientation=\u00a0\u00bbcenter\u00a0\u00bb custom_margin=\u00a0\u00bb0px||24px||false|false\u00a0\u00bb custom_padding=\u00a0\u00bb0px||0px||false|false\u00a0\u00bb global_colors_info=\u00a0\u00bb{}\u00a0\u00bb]<\/p>\n<p style=\"text-align: center;\">Certains enfants, bien que pr\u00e9sents en classe,\u00a0<strong>perdent pied<\/strong>\u00a0: manque de m\u00e9thodologie, d\u00e9couragement, incompr\u00e9hension des attentes scolaires\u2026<\/p>\n<p style=\"text-align: center;\">J\u2019interviens pour :<\/p>\n<ul>\n<li style=\"text-align: center;\"><strong>Apporter des m\u00e9thodes d\u2019apprentissage personnalis\u00e9es<\/strong><\/li>\n<li style=\"text-align: center;\"><strong>Travailler la motivation et l\u2019organisation<\/strong><\/li>\n<li style=\"text-align: center;\"><strong>Aider \u00e0 surmonter les blocages dans certaines mati\u00e8res<\/strong><\/li>\n<\/ul>\n<p>[\/et_pb_text][\/et_pb_column][et_pb_column type=\u00a0\u00bb1_4&Prime; _builder_version=\u00a0\u00bb4.21.0&Prime; _module_preset=\u00a0\u00bbdefault\u00a0\u00bb background_color=\u00a0\u00bb#FFFFFF\u00a0\u00bb custom_padding=\u00a0\u00bb55px|35px|34px|35px|false|false\u00a0\u00bb link_option_url=\u00a0\u00bb#\u00a0\u00bb global_colors_info=\u00a0\u00bb{}\u00a0\u00bb][et_pb_text _builder_version=\u00a0\u00bb4.27.0&Prime; _module_preset=\u00a0\u00bbdefault\u00a0\u00bb header_3_font=\u00a0\u00bbPrata|700|||||||\u00a0\u00bb header_3_text_align=\u00a0\u00bbcenter\u00a0\u00bb header_3_text_color=\u00a0\u00bb#0c0f26&Prime; header_3_font_size=\u00a0\u00bb20px\u00a0\u00bb header_3_line_height=\u00a0\u00bb1.2em\u00a0\u00bb custom_margin=\u00a0\u00bb0px||0px||false|false\u00a0\u00bb custom_padding=\u00a0\u00bb0px||0px||false|false\u00a0\u00bb global_colors_info=\u00a0\u00bb{}\u00a0\u00bb]<\/p>\n<h3><strong style=\"font-size: 20px;\">Un travail en collaboration avec les professionnels de sant\u00e9<\/strong><\/h3>\n<p><strong><\/strong><\/p>\n<p><strong><\/strong><\/p>\n<p>[\/et_pb_text][et_pb_text _builder_version=\u00a0\u00bb4.27.0&Prime; _module_preset=\u00a0\u00bbdefault\u00a0\u00bb text_font=\u00a0\u00bbGlory||||||||\u00a0\u00bb text_text_color=\u00a0\u00bb#6b6e71&Prime; text_font_size=\u00a0\u00bb19px\u00a0\u00bb text_line_height=\u00a0\u00bb1.4em\u00a0\u00bb text_orientation=\u00a0\u00bbcenter\u00a0\u00bb custom_margin=\u00a0\u00bb0px||24px||false|false\u00a0\u00bb custom_padding=\u00a0\u00bb0px||0px||false|false\u00a0\u00bb global_colors_info=\u00a0\u00bb{}\u00a0\u00bb]<\/p>\n<p>Parce qu\u2019un enfant en difficult\u00e9 scolaire est souvent entour\u00e9 de plusieurs professionnels (psychologues, orthophonistes, psychomotriciens, ergoth\u00e9rapeutes\u2026), je veille \u00e0\u00a0<strong>travailler en synergie<\/strong>\u00a0avec eux.<br \/><strong>L\u2019objectif : une prise en charge coh\u00e9rente et efficace, qui prend en compte la globalit\u00e9 de l\u2019enfant.<\/strong><br \/><strong><\/strong><\/p>\n<p><strong>Si n\u00e9cessaire, je peux \u00e9galement conseiller un bilan aupr\u00e8s d\u2019un professionnel comp\u00e9tent<\/strong>\u00a0pour mieux identifier les besoins sp\u00e9cifiques de l\u2019enfant et ajuster l\u2019accompagnement.<\/p>\n<p>[\/et_pb_text][\/et_pb_column][et_pb_column type=\u00a0\u00bb1_4&Prime; _builder_version=\u00a0\u00bb4.21.0&Prime; _module_preset=\u00a0\u00bbdefault\u00a0\u00bb background_color=\u00a0\u00bb#FFFFFF\u00a0\u00bb custom_padding=\u00a0\u00bb55px|35px|34px|35px|false|false\u00a0\u00bb link_option_url=\u00a0\u00bb#\u00a0\u00bb global_colors_info=\u00a0\u00bb{}\u00a0\u00bb][et_pb_text _builder_version=\u00a0\u00bb4.27.0&Prime; _module_preset=\u00a0\u00bbdefault\u00a0\u00bb header_3_font=\u00a0\u00bbPrata|700|||||||\u00a0\u00bb header_3_text_align=\u00a0\u00bbcenter\u00a0\u00bb header_3_text_color=\u00a0\u00bb#0c0f26&Prime; header_3_font_size=\u00a0\u00bb20px\u00a0\u00bb header_3_line_height=\u00a0\u00bb1.2em\u00a0\u00bb custom_margin=\u00a0\u00bb0px||0px||false|false\u00a0\u00bb custom_padding=\u00a0\u00bb0px||0px||false|false\u00a0\u00bb global_colors_info=\u00a0\u00bb{}\u00a0\u00bb]<\/p>\n<h3><strong style=\"font-size: 20px;\">Une intervention \u00e0 domicile : un cadre rassurant<\/strong><\/h3>\n<p><strong><\/strong><\/p>\n<p><strong><\/strong><\/p>\n<p><strong><\/strong><\/p>\n<p>[\/et_pb_text][et_pb_text _builder_version=\u00a0\u00bb4.27.0&Prime; _module_preset=\u00a0\u00bbdefault\u00a0\u00bb text_font=\u00a0\u00bbGlory||||||||\u00a0\u00bb text_text_color=\u00a0\u00bb#6b6e71&Prime; text_font_size=\u00a0\u00bb19px\u00a0\u00bb text_line_height=\u00a0\u00bb1.4em\u00a0\u00bb text_orientation=\u00a0\u00bbcenter\u00a0\u00bb custom_margin=\u00a0\u00bb0px||24px||false|false\u00a0\u00bb custom_padding=\u00a0\u00bb0px||0px||false|false\u00a0\u00bb global_colors_info=\u00a0\u00bb{}\u00a0\u00bb]<\/p>\n<p>Loin de la pression scolaire,\u00a0<strong>je me d\u00e9place chez les familles<\/strong>\u00a0pour offrir un accompagnement dans un environnement familier et apaisant.\u00a0<\/p>\n<p><strong>Apprendre chez soi, en confiance, permet souvent de lever de nombreux freins.<\/strong><\/p>\n<p>[\/et_pb_text][\/et_pb_column][\/et_pb_row][et_pb_row _builder_version=\u00a0\u00bb4.27.0&Prime; _module_preset=\u00a0\u00bbdefault\u00a0\u00bb global_colors_info=\u00a0\u00bb{}\u00a0\u00bb][et_pb_column type=\u00a0\u00bb4_4&Prime; _builder_version=\u00a0\u00bb4.27.0&Prime; _module_preset=\u00a0\u00bbdefault\u00a0\u00bb global_colors_info=\u00a0\u00bb{}\u00a0\u00bb][et_pb_text _builder_version=\u00a0\u00bb4.27.0&Prime; _module_preset=\u00a0\u00bbdefault\u00a0\u00bb hover_enabled=\u00a0\u00bb0&Prime; global_colors_info=\u00a0\u00bb{}\u00a0\u00bb sticky_enabled=\u00a0\u00bb0&Prime;]<\/p>\n<h3 style=\"text-align: center;\"><span style=\"color: #00ccff;\"><strong>Chaque enfant a en lui les ressources pour progresser. Mon r\u00f4le est de l\u2019aider \u00e0 les r\u00e9v\u00e9ler.\u00a0<\/strong><\/span><\/h3>\n<p>[\/et_pb_text][\/et_pb_column][\/et_pb_row][et_pb_row _builder_version=\u00a0\u00bb4.27.0&Prime; _module_preset=\u00a0\u00bbdefault\u00a0\u00bb global_colors_info=\u00a0\u00bb{}\u00a0\u00bb][et_pb_column type=\u00a0\u00bb4_4&Prime; _builder_version=\u00a0\u00bb4.27.0&Prime; _module_preset=\u00a0\u00bbdefault\u00a0\u00bb global_colors_info=\u00a0\u00bb{}\u00a0\u00bb][et_pb_button button_url=\u00a0\u00bbmailto:scol.emoi.44@gmail.com\u00a0\u00bb button_text=\u00a0\u00bbME CONTACTER\u00a0\u00bb button_alignment=\u00a0\u00bbcenter\u00a0\u00bb _builder_version=\u00a0\u00bb4.27.0&Prime; _module_preset=\u00a0\u00bbdefault\u00a0\u00bb background_layout=\u00a0\u00bbdark\u00a0\u00bb global_colors_info=\u00a0\u00bb{}\u00a0\u00bb][\/et_pb_button][\/et_pb_column][\/et_pb_row][\/et_pb_section]<\/p>\n","protected":false},"excerpt":{"rendered":"<p>Mes servicesUn accompagnement adapt\u00e9 \u00e0 chaque enfantChaque enfant est unique, et chaque parcours scolaire l\u2019est aussi.\u00a0Scol\u2019\u00c9moi\u00a0propose un accompagnement\u00a0personnalis\u00e9 et bienveillant, pour aider ceux pour qui l\u2019\u00e9cole est un d\u00e9fi, qu\u2019ils soient d\u00e9scolaris\u00e9s ou en difficult\u00e9 malgr\u00e9 leur scolarisation.Accompagner les enfants d\u00e9scolaris\u00e9s\u00a0(phobie scolaire, troubles des apprentissages\u2026) &nbsp;Quand l\u2019\u00e9cole devient une source d\u2019angoisse, que la peur de [&hellip;]<\/p>\n","protected":false},"author":1,"featured_media":0,"parent":0,"menu_order":0,"comment_status":"closed","ping_status":"closed","template":"","meta":{"_et_pb_use_builder":"on","_et_pb_old_content":"","_et_gb_content_width":"","footnotes":""},"class_list":["post-126","page","type-page","status-publish","hentry"],"yoast_head":"<!-- This site is optimized with the Yoast SEO plugin v26.9 - https:\/\/yoast.com\/product\/yoast-seo-wordpress\/ -->\n<title>Mes services - Scol&#039;\u00c9moi<\/title>\n<meta name=\"robots\" content=\"index, follow, max-snippet:-1, max-image-preview:large, max-video-preview:-1\" \/>\n<link rel=\"canonical\" href=\"http:\/\/scolemoi.fr\/?page_id=126\" \/>\n<meta property=\"og:locale\" content=\"fr_FR\" \/>\n<meta property=\"og:type\" content=\"article\" \/>\n<meta property=\"og:title\" content=\"Mes services - Scol&#039;\u00c9moi\" \/>\n<meta property=\"og:description\" content=\"Mes servicesUn accompagnement adapt\u00e9 \u00e0 chaque enfantChaque enfant est unique, et chaque parcours scolaire l\u2019est aussi.\u00a0Scol\u2019\u00c9moi\u00a0propose un accompagnement\u00a0personnalis\u00e9 et bienveillant, pour aider ceux pour qui l\u2019\u00e9cole est un d\u00e9fi, qu\u2019ils soient d\u00e9scolaris\u00e9s ou en difficult\u00e9 malgr\u00e9 leur scolarisation.Accompagner les enfants d\u00e9scolaris\u00e9s\u00a0(phobie scolaire, troubles des apprentissages\u2026) &nbsp;Quand l\u2019\u00e9cole devient une source d\u2019angoisse, que la peur de [&hellip;]\" \/>\n<meta property=\"og:url\" content=\"http:\/\/scolemoi.fr\/?page_id=126\" \/>\n<meta property=\"og:site_name\" content=\"Scol&#039;\u00c9moi\" \/>\n<meta property=\"article:modified_time\" content=\"2025-04-03T13:05:30+00:00\" \/>\n<meta name=\"twitter:card\" content=\"summary_large_image\" \/>\n<meta name=\"twitter:label1\" content=\"Dur\u00e9e de lecture estim\u00e9e\" \/>\n\t<meta name=\"twitter:data1\" content=\"6 minutes\" \/>\n<script type=\"application\/ld+json\" class=\"yoast-schema-graph\">{\"@context\":\"https:\/\/schema.org\",\"@graph\":[{\"@type\":\"WebPage\",\"@id\":\"http:\/\/scolemoi.fr\/?page_id=126\",\"url\":\"http:\/\/scolemoi.fr\/?page_id=126\",\"name\":\"Mes services - Scol&#039;\u00c9moi\",\"isPartOf\":{\"@id\":\"https:\/\/scolemoi.fr\/#website\"},\"datePublished\":\"2025-03-25T14:51:49+00:00\",\"dateModified\":\"2025-04-03T13:05:30+00:00\",\"breadcrumb\":{\"@id\":\"http:\/\/scolemoi.fr\/?page_id=126#breadcrumb\"},\"inLanguage\":\"fr-FR\",\"potentialAction\":[{\"@type\":\"ReadAction\",\"target\":[\"http:\/\/scolemoi.fr\/?page_id=126\"]}]},{\"@type\":\"BreadcrumbList\",\"@id\":\"http:\/\/scolemoi.fr\/?page_id=126#breadcrumb\",\"itemListElement\":[{\"@type\":\"ListItem\",\"position\":1,\"name\":\"Accueil\",\"item\":\"https:\/\/scolemoi.fr\/\"},{\"@type\":\"ListItem\",\"position\":2,\"name\":\"Mes services\"}]},{\"@type\":\"WebSite\",\"@id\":\"https:\/\/scolemoi.fr\/#website\",\"url\":\"https:\/\/scolemoi.fr\/\",\"name\":\"Scol&#039;\u00c9moi\",\"description\":\"Apprendre autrement, grandir sereinement.\",\"publisher\":{\"@id\":\"https:\/\/scolemoi.fr\/#organization\"},\"potentialAction\":[{\"@type\":\"SearchAction\",\"target\":{\"@type\":\"EntryPoint\",\"urlTemplate\":\"https:\/\/scolemoi.fr\/?s={search_term_string}\"},\"query-input\":{\"@type\":\"PropertyValueSpecification\",\"valueRequired\":true,\"valueName\":\"search_term_string\"}}],\"inLanguage\":\"fr-FR\"},{\"@type\":\"Organization\",\"@id\":\"https:\/\/scolemoi.fr\/#organization\",\"name\":\"Scol&#039;\u00c9moi\",\"url\":\"https:\/\/scolemoi.fr\/\",\"logo\":{\"@type\":\"ImageObject\",\"inLanguage\":\"fr-FR\",\"@id\":\"https:\/\/scolemoi.fr\/#\/schema\/logo\/image\/\",\"url\":\"https:\/\/scolemoi.fr\/wp-content\/uploads\/2025\/03\/cropped-cropped-identite-site.png\",\"contentUrl\":\"https:\/\/scolemoi.fr\/wp-content\/uploads\/2025\/03\/cropped-cropped-identite-site.png\",\"width\":512,\"height\":512,\"caption\":\"Scol&#039;\u00c9moi\"},\"image\":{\"@id\":\"https:\/\/scolemoi.fr\/#\/schema\/logo\/image\/\"}}]}<\/script>\n<!-- \/ Yoast SEO plugin. -->","yoast_head_json":{"title":"Mes services - Scol&#039;\u00c9moi","robots":{"index":"index","follow":"follow","max-snippet":"max-snippet:-1","max-image-preview":"max-image-preview:large","max-video-preview":"max-video-preview:-1"},"canonical":"http:\/\/scolemoi.fr\/?page_id=126","og_locale":"fr_FR","og_type":"article","og_title":"Mes services - Scol&#039;\u00c9moi","og_description":"Mes servicesUn accompagnement adapt\u00e9 \u00e0 chaque enfantChaque enfant est unique, et chaque parcours scolaire l\u2019est aussi.\u00a0Scol\u2019\u00c9moi\u00a0propose un accompagnement\u00a0personnalis\u00e9 et bienveillant, pour aider ceux pour qui l\u2019\u00e9cole est un d\u00e9fi, qu\u2019ils soient d\u00e9scolaris\u00e9s ou en difficult\u00e9 malgr\u00e9 leur scolarisation.Accompagner les enfants d\u00e9scolaris\u00e9s\u00a0(phobie scolaire, troubles des apprentissages\u2026) &nbsp;Quand l\u2019\u00e9cole devient une source d\u2019angoisse, que la peur de [&hellip;]","og_url":"http:\/\/scolemoi.fr\/?page_id=126","og_site_name":"Scol&#039;\u00c9moi","article_modified_time":"2025-04-03T13:05:30+00:00","twitter_card":"summary_large_image","twitter_misc":{"Dur\u00e9e de lecture estim\u00e9e":"6 minutes"},"schema":{"@context":"https:\/\/schema.org","@graph":[{"@type":"WebPage","@id":"http:\/\/scolemoi.fr\/?page_id=126","url":"http:\/\/scolemoi.fr\/?page_id=126","name":"Mes services - Scol&#039;\u00c9moi","isPartOf":{"@id":"https:\/\/scolemoi.fr\/#website"},"datePublished":"2025-03-25T14:51:49+00:00","dateModified":"2025-04-03T13:05:30+00:00","breadcrumb":{"@id":"http:\/\/scolemoi.fr\/?page_id=126#breadcrumb"},"inLanguage":"fr-FR","potentialAction":[{"@type":"ReadAction","target":["http:\/\/scolemoi.fr\/?page_id=126"]}]},{"@type":"BreadcrumbList","@id":"http:\/\/scolemoi.fr\/?page_id=126#breadcrumb","itemListElement":[{"@type":"ListItem","position":1,"name":"Accueil","item":"https:\/\/scolemoi.fr\/"},{"@type":"ListItem","position":2,"name":"Mes services"}]},{"@type":"WebSite","@id":"https:\/\/scolemoi.fr\/#website","url":"https:\/\/scolemoi.fr\/","name":"Scol&#039;\u00c9moi","description":"Apprendre autrement, grandir sereinement.","publisher":{"@id":"https:\/\/scolemoi.fr\/#organization"},"potentialAction":[{"@type":"SearchAction","target":{"@type":"EntryPoint","urlTemplate":"https:\/\/scolemoi.fr\/?s={search_term_string}"},"query-input":{"@type":"PropertyValueSpecification","valueRequired":true,"valueName":"search_term_string"}}],"inLanguage":"fr-FR"},{"@type":"Organization","@id":"https:\/\/scolemoi.fr\/#organization","name":"Scol&#039;\u00c9moi","url":"https:\/\/scolemoi.fr\/","logo":{"@type":"ImageObject","inLanguage":"fr-FR","@id":"https:\/\/scolemoi.fr\/#\/schema\/logo\/image\/","url":"https:\/\/scolemoi.fr\/wp-content\/uploads\/2025\/03\/cropped-cropped-identite-site.png","contentUrl":"https:\/\/scolemoi.fr\/wp-content\/uploads\/2025\/03\/cropped-cropped-identite-site.png","width":512,"height":512,"caption":"Scol&#039;\u00c9moi"},"image":{"@id":"https:\/\/scolemoi.fr\/#\/schema\/logo\/image\/"}}]}},"_links":{"self":[{"href":"https:\/\/scolemoi.fr\/index.php?rest_route=\/wp\/v2\/pages\/126","targetHints":{"allow":["GET"]}}],"collection":[{"href":"https:\/\/scolemoi.fr\/index.php?rest_route=\/wp\/v2\/pages"}],"about":[{"href":"https:\/\/scolemoi.fr\/index.php?rest_route=\/wp\/v2\/types\/page"}],"author":[{"embeddable":true,"href":"https:\/\/scolemoi.fr\/index.php?rest_route=\/wp\/v2\/users\/1"}],"replies":[{"embeddable":true,"href":"https:\/\/scolemoi.fr\/index.php?rest_route=%2Fwp%2Fv2%2Fcomments&post=126"}],"version-history":[{"count":13,"href":"https:\/\/scolemoi.fr\/index.php?rest_route=\/wp\/v2\/pages\/126\/revisions"}],"predecessor-version":[{"id":349,"href":"https:\/\/scolemoi.fr\/index.php?rest_route=\/wp\/v2\/pages\/126\/revisions\/349"}],"wp:attachment":[{"href":"https:\/\/scolemoi.fr\/index.php?rest_route=%2Fwp%2Fv2%2Fmedia&parent=126"}],"curies":[{"name":"wp","href":"https:\/\/api.w.org\/{rel}","templated":true}]}}