{"id":122,"date":"2025-03-25T15:40:02","date_gmt":"2025-03-25T14:40:02","guid":{"rendered":"http:\/\/scolemoi.fr\/?page_id=122"},"modified":"2025-04-03T19:32:53","modified_gmt":"2025-04-03T17:32:53","slug":"me-connaitre","status":"publish","type":"page","link":"https:\/\/scolemoi.fr\/?page_id=122","title":{"rendered":"Me conna\u00eetre"},"content":{"rendered":"<p>[et_pb_section fb_built=\u00a0\u00bb1&Prime; custom_padding_last_edited=\u00a0\u00bbon|phone\u00a0\u00bb _builder_version=\u00a0\u00bb4.24.2&Prime; _module_preset=\u00a0\u00bbdefault\u00a0\u00bb background_color=\u00a0\u00bb#f7f6f4&Prime; custom_margin=\u00a0\u00bb0px||0px||false|false\u00a0\u00bb custom_padding=\u00a0\u00bb120px||80px||false|false\u00a0\u00bb custom_padding_tablet=\u00a0\u00bb120px||120px||false|false\u00a0\u00bb custom_padding_phone=\u00a0\u00bb90px||90px||false|false\u00a0\u00bb global_colors_info=\u00a0\u00bb{}\u00a0\u00bb][et_pb_row column_structure=\u00a0\u00bb2_5,3_5&Prime; _builder_version=\u00a0\u00bb4.24.2&Prime; _module_preset=\u00a0\u00bbdefault\u00a0\u00bb global_colors_info=\u00a0\u00bb{}\u00a0\u00bb][et_pb_column type=\u00a0\u00bb2_5&Prime; _builder_version=\u00a0\u00bb4.24.2&Prime; _module_preset=\u00a0\u00bbdefault\u00a0\u00bb global_colors_info=\u00a0\u00bb{}\u00a0\u00bb][et_pb_image src=\u00a0\u00bbhttp:\/\/scolemoi.fr\/wp-content\/uploads\/2025\/03\/Design-sans-titre-2.png\u00a0\u00bb title_text=\u00a0\u00bbDesign sans titre\u00a0\u00bb src_tablet=\u00a0\u00bbhttp:\/\/scolemoi.fr\/wp-content\/uploads\/2025\/03\/Design-sans-titre-2.png\u00a0\u00bb src_phone=\u00a0\u00bbhttp:\/\/scolemoi.fr\/wp-content\/uploads\/2025\/03\/Design-sans-titre-2.png\u00a0\u00bb src_last_edited=\u00a0\u00bbon|phone\u00a0\u00bb _builder_version=\u00a0\u00bb4.27.0&Prime; _module_preset=\u00a0\u00bbdefault\u00a0\u00bb width_tablet=\u00a0\u00bb81%\u00a0\u00bb width_phone=\u00a0\u00bb100%\u00a0\u00bb width_last_edited=\u00a0\u00bbon|desktop\u00a0\u00bb module_alignment_tablet=\u00a0\u00bbcenter\u00a0\u00bb module_alignment_phone=\u00a0\u00bb\u00a0\u00bb module_alignment_last_edited=\u00a0\u00bbon|tablet\u00a0\u00bb global_colors_info=\u00a0\u00bb{}\u00a0\u00bb][\/et_pb_image][\/et_pb_column][et_pb_column type=\u00a0\u00bb3_5&Prime; _builder_version=\u00a0\u00bb4.24.2&Prime; _module_preset=\u00a0\u00bbdefault\u00a0\u00bb global_colors_info=\u00a0\u00bb{}\u00a0\u00bb][et_pb_text _builder_version=\u00a0\u00bb4.27.0&Prime; _module_preset=\u00a0\u00bbdefault\u00a0\u00bb text_font=\u00a0\u00bb|||on|||||\u00a0\u00bb text_text_color=\u00a0\u00bb#000000&Prime; text_letter_spacing=\u00a0\u00bb3px\u00a0\u00bb header_4_font=\u00a0\u00bbPrata|700||on|||||\u00a0\u00bb header_4_text_align=\u00a0\u00bbleft\u00a0\u00bb header_4_text_color=\u00a0\u00bb#0c0f26&Prime; header_4_font_size=\u00a0\u00bb11px\u00a0\u00bb header_4_letter_spacing=\u00a0\u00bb2px\u00a0\u00bb header_4_line_height=\u00a0\u00bb1.2em\u00a0\u00bb max_width=\u00a0\u00bb600px\u00a0\u00bb custom_margin=\u00a0\u00bb0px||11px||false|false\u00a0\u00bb custom_margin_tablet=\u00a0\u00bb0px||||false|false\u00a0\u00bb custom_margin_phone=\u00a0\u00bb0px||11px||false|false\u00a0\u00bb custom_margin_last_edited=\u00a0\u00bboff|tablet\u00a0\u00bb custom_padding=\u00a0\u00bb0px||0px||false|false\u00a0\u00bb global_colors_info=\u00a0\u00bb{}\u00a0\u00bb]<\/p>\n<p>Qui suis-je ?<\/p>\n<p>[\/et_pb_text][et_pb_text _builder_version=\u00a0\u00bb4.27.0&Prime; _module_preset=\u00a0\u00bbdefault\u00a0\u00bb header_2_font=\u00a0\u00bbPrata|700|||||||\u00a0\u00bb header_2_text_align=\u00a0\u00bbleft\u00a0\u00bb header_2_text_color=\u00a0\u00bb#0c0f26&Prime; header_2_font_size=\u00a0\u00bb47px\u00a0\u00bb header_2_line_height=\u00a0\u00bb1.3em\u00a0\u00bb max_width=\u00a0\u00bb1000px\u00a0\u00bb custom_margin=\u00a0\u00bb0px||0px||false|false\u00a0\u00bb custom_padding=\u00a0\u00bb0px||0px||false|false\u00a0\u00bb header_2_font_size_tablet=\u00a0\u00bb47px\u00a0\u00bb header_2_font_size_phone=\u00a0\u00bb30px\u00a0\u00bb header_2_font_size_last_edited=\u00a0\u00bbon|phone\u00a0\u00bb global_colors_info=\u00a0\u00bb{}\u00a0\u00bb]<\/p>\n<h2>Sibylle Audollent, enseignante sp\u00e9cialis\u00e9e en accompagnement scolaire sur mesure<\/h2>\n<p>[\/et_pb_text][et_pb_text _builder_version=\u00a0\u00bb4.27.0&Prime; _module_preset=\u00a0\u00bbdefault\u00a0\u00bb text_font=\u00a0\u00bbGlory||||||||\u00a0\u00bb text_text_color=\u00a0\u00bb#6b6e71&Prime; text_font_size=\u00a0\u00bb19px\u00a0\u00bb text_line_height=\u00a0\u00bb1.4em\u00a0\u00bb module_alignment=\u00a0\u00bbleft\u00a0\u00bb custom_margin=\u00a0\u00bb0px||24px||false|false\u00a0\u00bb custom_padding=\u00a0\u00bb0px||0px||false|false\u00a0\u00bb global_colors_info=\u00a0\u00bb{}\u00a0\u00bb]<\/p>\n<p>Pendant<span>\u00a0<\/span><strong>20 ans<\/strong>, j\u2019ai \u00e9t\u00e9 enseignante aupr\u00e8s d\u2019enfants de 2 \u00e0 11 ans. J\u2019ai vu des \u00e9l\u00e8ves<span>\u00a0<\/span><strong>perdre pied, douter, souffrir en silence<\/strong>, non pas parce qu\u2019ils manquaient de capacit\u00e9s, mais parce que l\u2019\u00e9cole, telle qu\u2019elle est pens\u00e9e, ne leur correspondait pas.<\/p>\n<p><span>J\u2019ai cherch\u00e9 des solutions, <\/span><strong data-start=\"488\" data-end=\"550\">adapt\u00e9 mes pratiques, \u00e9cout\u00e9 les enfants et leurs familles<\/strong><span>. Puis j\u2019ai voulu aller plus loin. <\/span><strong data-start=\"585\" data-end=\"599\">Comprendre<\/strong><span> ce qui se joue dans le cerveau pendant l\u2019apprentissage et l&rsquo;impact des \u00e9motions. J\u2019ai donc repris le chemin de la fac, men\u00e9 des recherches sur le lien entre \u00e9motions et apprentissage et obtenu un <\/span><strong data-start=\"796\" data-end=\"838\">Dipl\u00f4me Universitaire en Neurosciences<\/strong><span>. <\/span><\/p>\n<p><strong data-start=\"840\" data-end=\"929\">Allier p\u00e9dagogie et sciences cognitives au service des enfants en difficult\u00e9 me semble essentiel.<\/strong><\/p>\n<p><strong>Ma conviction ?<\/strong><span>\u00a0<\/span>On apprend bien que lorsque l&rsquo;on se sent compris et en confiance. Chaque enfant a sa propre mani\u00e8re de fonctionner, ses forces, ses blocages.<span>\u00a0<\/span><strong>Plut\u00f4t que de lui demander de s\u2019adapter \u00e0 l\u2019\u00e9cole, pourquoi ne pas adapter l\u2019\u00e9cole \u00e0 lui ?<\/strong><\/p>\n<p><strong>C\u2019est pour cela que j\u2019ai cr\u00e9\u00e9 Scol\u2019\u00c9moi.<\/strong><span>\u00a0<\/span>Parce qu\u2019apprendre ne devrait jamais \u00eatre une source d\u2019angoisse. J\u2019accompagne<span>\u00a0<\/span><strong>les enfants d\u00e9scolaris\u00e9s, en souffrance, en perte de confiance<\/strong>, mais aussi ceux qui, bien que scolaris\u00e9s, se sentent en d\u00e9calage, incompris ou d\u00e9pass\u00e9s.<\/p>\n<p><strong>Mon approche ?<\/strong><\/p>\n<ul>\n<li><strong>Un accompagnement sur mesure<\/strong><span><\/span>: chaque enfant est unique, chaque solution doit l\u2019\u00eatre aussi.<\/li>\n<li><span> <\/span><strong>Un cadre bienveillant et rassurant<\/strong>, qui prend en compte l\u2019\u00e9motionnel autant que les apprentissages.<span><\/span><\/li>\n<li><strong>Un travail en collaboration avec les parents et les professionnels de sant\u00e9<\/strong>, car aider un enfant, c\u2019est aussi comprendre son environnement.<\/li>\n<li><strong>Une intervention directement chez les familles<\/strong>, pour que l\u2019enfant \u00e9volue dans un cadre s\u00e9curisant.<\/li>\n<\/ul>\n<p><strong>Mon objectif ?<\/strong><span>\u00a0<\/span>Redonner \u00e0 chaque enfant le go\u00fbt d\u2019apprendre, la confiance en lui et les cl\u00e9s pour avancer sereinement.<span>\u00a0<\/span><strong>Parce que derri\u00e8re chaque difficult\u00e9 scolaire, il y a une solution.<\/strong><span>\u00a0<\/span>Et je suis l\u00e0 pour la trouver avec eux.\u00a0<\/p>\n<p>[\/et_pb_text][et_pb_button button_url=\u00a0\u00bbmailto:scol.emoi.44@gmail.com\u00a0\u00bb button_text=\u00a0\u00bbMe contacter\u00a0\u00bb button_alignment=\u00a0\u00bbleft\u00a0\u00bb _builder_version=\u00a0\u00bb4.27.0&Prime; _module_preset=\u00a0\u00bbdefault\u00a0\u00bb custom_button=\u00a0\u00bbon\u00a0\u00bb button_text_size=\u00a0\u00bb12px\u00a0\u00bb button_text_color=\u00a0\u00bb#FFFFFF\u00a0\u00bb button_bg_color=\u00a0\u00bb#7ac9ff\u00a0\u00bb button_border_width=\u00a0\u00bb1px\u00a0\u00bb button_border_color=\u00a0\u00bb#383838&Prime; button_border_radius=\u00a0\u00bb5px\u00a0\u00bb button_letter_spacing=\u00a0\u00bb1px\u00a0\u00bb button_font=\u00a0\u00bbDM Sans|700||on|||||\u00a0\u00bb button_use_icon=\u00a0\u00bboff\u00a0\u00bb custom_margin=\u00a0\u00bb20px||0px||false|false\u00a0\u00bb custom_padding=\u00a0\u00bb18px|45px|17px|45px|false|false\u00a0\u00bb animation_direction=\u00a0\u00bbbottom\u00a0\u00bb global_colors_info=\u00a0\u00bb{}\u00a0\u00bb button_bg_color__hover_enabled=\u00a0\u00bbon|hover\u00a0\u00bb button_bg_color__hover=\u00a0\u00bb#7ac9ff\u00a0\u00bb button_bg_enable_color__hover=\u00a0\u00bbon\u00a0\u00bb button_border_color__hover_enabled=\u00a0\u00bbon|hover\u00a0\u00bb button_border_color__hover=\u00a0\u00bb#738176&Prime;][\/et_pb_button][\/et_pb_column][\/et_pb_row][\/et_pb_section]<\/p>\n","protected":false},"excerpt":{"rendered":"<p>Qui suis-je ?Sibylle Audollent, enseignante sp\u00e9cialis\u00e9e en accompagnement scolaire sur mesurePendant\u00a020 ans, j\u2019ai \u00e9t\u00e9 enseignante aupr\u00e8s d\u2019enfants de 2 \u00e0 11 ans. J\u2019ai vu des \u00e9l\u00e8ves\u00a0perdre pied, douter, souffrir en silence, non pas parce qu\u2019ils manquaient de capacit\u00e9s, mais parce que l\u2019\u00e9cole, telle qu\u2019elle est pens\u00e9e, ne leur correspondait pas. J\u2019ai cherch\u00e9 des solutions, adapt\u00e9 [&hellip;]<\/p>\n","protected":false},"author":1,"featured_media":0,"parent":0,"menu_order":0,"comment_status":"closed","ping_status":"closed","template":"","meta":{"_et_pb_use_builder":"on","_et_pb_old_content":"","_et_gb_content_width":"","footnotes":""},"class_list":["post-122","page","type-page","status-publish","hentry"],"yoast_head":"<!-- This site is optimized with the Yoast SEO plugin v26.9 - https:\/\/yoast.com\/product\/yoast-seo-wordpress\/ -->\n<title>Me conna\u00eetre - Scol&#039;\u00c9moi<\/title>\n<meta name=\"robots\" content=\"index, follow, max-snippet:-1, max-image-preview:large, max-video-preview:-1\" \/>\n<link rel=\"canonical\" href=\"http:\/\/scolemoi.fr\/?page_id=122\" \/>\n<meta property=\"og:locale\" content=\"fr_FR\" \/>\n<meta property=\"og:type\" content=\"article\" \/>\n<meta property=\"og:title\" content=\"Me conna\u00eetre - Scol&#039;\u00c9moi\" \/>\n<meta property=\"og:description\" content=\"Qui suis-je ?Sibylle Audollent, enseignante sp\u00e9cialis\u00e9e en accompagnement scolaire sur mesurePendant\u00a020 ans, j\u2019ai \u00e9t\u00e9 enseignante aupr\u00e8s d\u2019enfants de 2 \u00e0 11 ans. J\u2019ai vu des \u00e9l\u00e8ves\u00a0perdre pied, douter, souffrir en silence, non pas parce qu\u2019ils manquaient de capacit\u00e9s, mais parce que l\u2019\u00e9cole, telle qu\u2019elle est pens\u00e9e, ne leur correspondait pas. J\u2019ai cherch\u00e9 des solutions, adapt\u00e9 [&hellip;]\" \/>\n<meta property=\"og:url\" content=\"http:\/\/scolemoi.fr\/?page_id=122\" \/>\n<meta property=\"og:site_name\" content=\"Scol&#039;\u00c9moi\" \/>\n<meta property=\"article:modified_time\" content=\"2025-04-03T17:32:53+00:00\" \/>\n<meta name=\"twitter:card\" content=\"summary_large_image\" \/>\n<meta name=\"twitter:label1\" content=\"Dur\u00e9e de lecture estim\u00e9e\" \/>\n\t<meta name=\"twitter:data1\" content=\"4 minutes\" \/>\n<script type=\"application\/ld+json\" class=\"yoast-schema-graph\">{\"@context\":\"https:\/\/schema.org\",\"@graph\":[{\"@type\":\"WebPage\",\"@id\":\"http:\/\/scolemoi.fr\/?page_id=122\",\"url\":\"http:\/\/scolemoi.fr\/?page_id=122\",\"name\":\"Me conna\u00eetre - Scol&#039;\u00c9moi\",\"isPartOf\":{\"@id\":\"https:\/\/scolemoi.fr\/#website\"},\"datePublished\":\"2025-03-25T14:40:02+00:00\",\"dateModified\":\"2025-04-03T17:32:53+00:00\",\"breadcrumb\":{\"@id\":\"http:\/\/scolemoi.fr\/?page_id=122#breadcrumb\"},\"inLanguage\":\"fr-FR\",\"potentialAction\":[{\"@type\":\"ReadAction\",\"target\":[\"http:\/\/scolemoi.fr\/?page_id=122\"]}]},{\"@type\":\"BreadcrumbList\",\"@id\":\"http:\/\/scolemoi.fr\/?page_id=122#breadcrumb\",\"itemListElement\":[{\"@type\":\"ListItem\",\"position\":1,\"name\":\"Accueil\",\"item\":\"https:\/\/scolemoi.fr\/\"},{\"@type\":\"ListItem\",\"position\":2,\"name\":\"Me conna\u00eetre\"}]},{\"@type\":\"WebSite\",\"@id\":\"https:\/\/scolemoi.fr\/#website\",\"url\":\"https:\/\/scolemoi.fr\/\",\"name\":\"Scol&#039;\u00c9moi\",\"description\":\"Apprendre autrement, grandir sereinement.\",\"publisher\":{\"@id\":\"https:\/\/scolemoi.fr\/#organization\"},\"potentialAction\":[{\"@type\":\"SearchAction\",\"target\":{\"@type\":\"EntryPoint\",\"urlTemplate\":\"https:\/\/scolemoi.fr\/?s={search_term_string}\"},\"query-input\":{\"@type\":\"PropertyValueSpecification\",\"valueRequired\":true,\"valueName\":\"search_term_string\"}}],\"inLanguage\":\"fr-FR\"},{\"@type\":\"Organization\",\"@id\":\"https:\/\/scolemoi.fr\/#organization\",\"name\":\"Scol&#039;\u00c9moi\",\"url\":\"https:\/\/scolemoi.fr\/\",\"logo\":{\"@type\":\"ImageObject\",\"inLanguage\":\"fr-FR\",\"@id\":\"https:\/\/scolemoi.fr\/#\/schema\/logo\/image\/\",\"url\":\"https:\/\/scolemoi.fr\/wp-content\/uploads\/2025\/03\/cropped-cropped-identite-site.png\",\"contentUrl\":\"https:\/\/scolemoi.fr\/wp-content\/uploads\/2025\/03\/cropped-cropped-identite-site.png\",\"width\":512,\"height\":512,\"caption\":\"Scol&#039;\u00c9moi\"},\"image\":{\"@id\":\"https:\/\/scolemoi.fr\/#\/schema\/logo\/image\/\"}}]}<\/script>\n<!-- \/ Yoast SEO plugin. -->","yoast_head_json":{"title":"Me conna\u00eetre - Scol&#039;\u00c9moi","robots":{"index":"index","follow":"follow","max-snippet":"max-snippet:-1","max-image-preview":"max-image-preview:large","max-video-preview":"max-video-preview:-1"},"canonical":"http:\/\/scolemoi.fr\/?page_id=122","og_locale":"fr_FR","og_type":"article","og_title":"Me conna\u00eetre - Scol&#039;\u00c9moi","og_description":"Qui suis-je ?Sibylle Audollent, enseignante sp\u00e9cialis\u00e9e en accompagnement scolaire sur mesurePendant\u00a020 ans, j\u2019ai \u00e9t\u00e9 enseignante aupr\u00e8s d\u2019enfants de 2 \u00e0 11 ans. J\u2019ai vu des \u00e9l\u00e8ves\u00a0perdre pied, douter, souffrir en silence, non pas parce qu\u2019ils manquaient de capacit\u00e9s, mais parce que l\u2019\u00e9cole, telle qu\u2019elle est pens\u00e9e, ne leur correspondait pas. J\u2019ai cherch\u00e9 des solutions, adapt\u00e9 [&hellip;]","og_url":"http:\/\/scolemoi.fr\/?page_id=122","og_site_name":"Scol&#039;\u00c9moi","article_modified_time":"2025-04-03T17:32:53+00:00","twitter_card":"summary_large_image","twitter_misc":{"Dur\u00e9e de lecture estim\u00e9e":"4 minutes"},"schema":{"@context":"https:\/\/schema.org","@graph":[{"@type":"WebPage","@id":"http:\/\/scolemoi.fr\/?page_id=122","url":"http:\/\/scolemoi.fr\/?page_id=122","name":"Me conna\u00eetre - Scol&#039;\u00c9moi","isPartOf":{"@id":"https:\/\/scolemoi.fr\/#website"},"datePublished":"2025-03-25T14:40:02+00:00","dateModified":"2025-04-03T17:32:53+00:00","breadcrumb":{"@id":"http:\/\/scolemoi.fr\/?page_id=122#breadcrumb"},"inLanguage":"fr-FR","potentialAction":[{"@type":"ReadAction","target":["http:\/\/scolemoi.fr\/?page_id=122"]}]},{"@type":"BreadcrumbList","@id":"http:\/\/scolemoi.fr\/?page_id=122#breadcrumb","itemListElement":[{"@type":"ListItem","position":1,"name":"Accueil","item":"https:\/\/scolemoi.fr\/"},{"@type":"ListItem","position":2,"name":"Me conna\u00eetre"}]},{"@type":"WebSite","@id":"https:\/\/scolemoi.fr\/#website","url":"https:\/\/scolemoi.fr\/","name":"Scol&#039;\u00c9moi","description":"Apprendre autrement, grandir sereinement.","publisher":{"@id":"https:\/\/scolemoi.fr\/#organization"},"potentialAction":[{"@type":"SearchAction","target":{"@type":"EntryPoint","urlTemplate":"https:\/\/scolemoi.fr\/?s={search_term_string}"},"query-input":{"@type":"PropertyValueSpecification","valueRequired":true,"valueName":"search_term_string"}}],"inLanguage":"fr-FR"},{"@type":"Organization","@id":"https:\/\/scolemoi.fr\/#organization","name":"Scol&#039;\u00c9moi","url":"https:\/\/scolemoi.fr\/","logo":{"@type":"ImageObject","inLanguage":"fr-FR","@id":"https:\/\/scolemoi.fr\/#\/schema\/logo\/image\/","url":"https:\/\/scolemoi.fr\/wp-content\/uploads\/2025\/03\/cropped-cropped-identite-site.png","contentUrl":"https:\/\/scolemoi.fr\/wp-content\/uploads\/2025\/03\/cropped-cropped-identite-site.png","width":512,"height":512,"caption":"Scol&#039;\u00c9moi"},"image":{"@id":"https:\/\/scolemoi.fr\/#\/schema\/logo\/image\/"}}]}},"_links":{"self":[{"href":"https:\/\/scolemoi.fr\/index.php?rest_route=\/wp\/v2\/pages\/122","targetHints":{"allow":["GET"]}}],"collection":[{"href":"https:\/\/scolemoi.fr\/index.php?rest_route=\/wp\/v2\/pages"}],"about":[{"href":"https:\/\/scolemoi.fr\/index.php?rest_route=\/wp\/v2\/types\/page"}],"author":[{"embeddable":true,"href":"https:\/\/scolemoi.fr\/index.php?rest_route=\/wp\/v2\/users\/1"}],"replies":[{"embeddable":true,"href":"https:\/\/scolemoi.fr\/index.php?rest_route=%2Fwp%2Fv2%2Fcomments&post=122"}],"version-history":[{"count":10,"href":"https:\/\/scolemoi.fr\/index.php?rest_route=\/wp\/v2\/pages\/122\/revisions"}],"predecessor-version":[{"id":356,"href":"https:\/\/scolemoi.fr\/index.php?rest_route=\/wp\/v2\/pages\/122\/revisions\/356"}],"wp:attachment":[{"href":"https:\/\/scolemoi.fr\/index.php?rest_route=%2Fwp%2Fv2%2Fmedia&parent=122"}],"curies":[{"name":"wp","href":"https:\/\/api.w.org\/{rel}","templated":true}]}}