{"id":117,"date":"2025-03-25T15:34:08","date_gmt":"2025-03-25T14:34:08","guid":{"rendered":"http:\/\/scolemoi.fr\/?page_id=117"},"modified":"2025-04-09T10:43:37","modified_gmt":"2025-04-09T08:43:37","slug":"comment-se-deroule-laccompagnement","status":"publish","type":"page","link":"https:\/\/scolemoi.fr\/?page_id=117","title":{"rendered":"Comment se d\u00e9roule l&rsquo;accompagnement ?"},"content":{"rendered":"<p>[et_pb_section fb_built=\u00a0\u00bb1&Prime; custom_padding_last_edited=\u00a0\u00bbon|phone\u00a0\u00bb _builder_version=\u00a0\u00bb4.24.2&Prime; _module_preset=\u00a0\u00bbdefault\u00a0\u00bb background_color=\u00a0\u00bb#f7f6f4&Prime; custom_margin=\u00a0\u00bb0px||0px||false|false\u00a0\u00bb custom_padding=\u00a0\u00bb80px||80px||true|false\u00a0\u00bb custom_padding_tablet=\u00a0\u00bb120px||120px||false|false\u00a0\u00bb custom_padding_phone=\u00a0\u00bb90px||90px||false|false\u00a0\u00bb global_colors_info=\u00a0\u00bb{}\u00a0\u00bb][et_pb_row _builder_version=\u00a0\u00bb4.27.0&Prime; _module_preset=\u00a0\u00bbdefault\u00a0\u00bb global_colors_info=\u00a0\u00bb{}\u00a0\u00bb][et_pb_column type=\u00a0\u00bb4_4&Prime; _builder_version=\u00a0\u00bb4.24.2&Prime; _module_preset=\u00a0\u00bbdefault\u00a0\u00bb global_colors_info=\u00a0\u00bb{}\u00a0\u00bb][et_pb_text _builder_version=\u00a0\u00bb4.24.2&Prime; _module_preset=\u00a0\u00bbdefault\u00a0\u00bb header_2_font=\u00a0\u00bbPrata|700|||||||\u00a0\u00bb header_2_text_align=\u00a0\u00bbleft\u00a0\u00bb header_2_text_color=\u00a0\u00bb#0c0f26&Prime; header_2_font_size=\u00a0\u00bb47px\u00a0\u00bb header_2_line_height=\u00a0\u00bb1.3em\u00a0\u00bb max_width=\u00a0\u00bb1000px\u00a0\u00bb custom_margin=\u00a0\u00bb0px||0px|0px|false|false\u00a0\u00bb custom_padding=\u00a0\u00bb0px||0px||false|false\u00a0\u00bb header_2_font_size_tablet=\u00a0\u00bb47px\u00a0\u00bb header_2_font_size_phone=\u00a0\u00bb30px\u00a0\u00bb header_2_font_size_last_edited=\u00a0\u00bbon|phone\u00a0\u00bb global_colors_info=\u00a0\u00bb{}\u00a0\u00bb]<\/p>\n<h2>Comment se d\u00e9roule l&rsquo;accompagnement ?<\/h2>\n<p>[\/et_pb_text][et_pb_text _builder_version=\u00a0\u00bb4.27.0&Prime; _module_preset=\u00a0\u00bbdefault\u00a0\u00bb header_2_font=\u00a0\u00bbPrata|700|||||||\u00a0\u00bb header_2_text_align=\u00a0\u00bbleft\u00a0\u00bb header_2_text_color=\u00a0\u00bb#0c0f26&Prime; header_2_font_size=\u00a0\u00bb47px\u00a0\u00bb header_2_line_height=\u00a0\u00bb1.3em\u00a0\u00bb header_4_line_height=\u00a0\u00bb1.8em\u00a0\u00bb max_width=\u00a0\u00bb1000px\u00a0\u00bb custom_margin=\u00a0\u00bb0px||0px|0px|false|false\u00a0\u00bb custom_padding=\u00a0\u00bb0px||0px||false|false\u00a0\u00bb header_2_font_size_tablet=\u00a0\u00bb47px\u00a0\u00bb header_2_font_size_phone=\u00a0\u00bb30px\u00a0\u00bb header_2_font_size_last_edited=\u00a0\u00bbon|phone\u00a0\u00bb global_colors_info=\u00a0\u00bb{}\u00a0\u00bb]<\/p>\n<p style=\"text-align: left;\"><span style=\"color: #333333;\">Parce que chaque enfant est unique, l\u2019accompagnement commence toujours par un\u00a0<strong>temps d\u2019\u00e9change et d\u2019observation <\/strong>pour comprendre ses besoins et construire ensemble la meilleure approche.<\/span><\/p>\n<p>[\/et_pb_text][et_pb_text _builder_version=\u00a0\u00bb4.27.0&Prime; _module_preset=\u00a0\u00bbdefault\u00a0\u00bb custom_padding=\u00a0\u00bb|||0px||\u00a0\u00bb global_colors_info=\u00a0\u00bb{}\u00a0\u00bb]<\/p>\n<p><span style=\"color: #808080;\"><\/span><\/p>\n<p><strong>\u00a01. Prise de contact<\/strong><\/p>\n<p>Vous pouvez me contacter\u00a0<strong>par t\u00e9l\u00e9phone, mail ou via LinkedIn<\/strong>\u00a0pour m\u2019exposer vos besoins et poser vos premi\u00e8res questions. Ce premier \u00e9change permet de cerner la situation et de convenir d\u2019un rendez-vous.<\/p>\n<p>&nbsp;<\/p>\n<p><strong>2. Rencontre avec l\u2019enfant et ses parents<\/strong><\/p>\n<p>Lors d\u2019un premier rendez-vous \u00e0 domicile, nous faisons connaissance dans un cadre bienveillant. L\u2019objectif est de comprendre\u00a0<strong>les difficult\u00e9s rencontr\u00e9es, le profil d\u2019apprentissage de l\u2019enfant, ses forces et ses blocages<\/strong>. Ce temps d\u2019\u00e9change me permet aussi d\u2019expliquer ma d\u00e9marche et de r\u00e9pondre aux questions des parents.<\/p>\n<p>&nbsp;<\/p>\n<p><strong>3. Mise en place d\u2019un emploi du temps adapt\u00e9<\/strong><\/p>\n<p>En fonction des besoins de l\u2019enfant et de la disponibilit\u00e9 de la famille, nous \u00e9tablissons ensemble un planning de s\u00e9ances r\u00e9guli\u00e8res. L\u2019accompagnement peut \u00eatre temporaire ou sur le long terme, selon les objectifs fix\u00e9s.<\/p>\n<p>&nbsp;<\/p>\n<p><strong>4. S\u00e9ances individuelles au domicile de l&rsquo;enfant<\/strong><\/p>\n<p>J\u2019interviens\u00a0<strong>directement chez vous<\/strong>, dans un cadre rassurant pour l\u2019enfant. Chaque s\u00e9ance est pens\u00e9e pour\u00a0<strong>lui redonner confiance, l\u2019aider \u00e0 progresser \u00e0 son rythme et retrouver le plaisir d\u2019apprendre<\/strong>.<\/p>\n<p>&nbsp;<\/p>\n<p><span style=\"color: #000000;\"><strong>Mon objectif ? Un accompagnement sur mesure, bienveillant et efficace pour aider votre enfant \u00e0 retrouver confiance et s\u00e9r\u00e9nit\u00e9 dans ses apprentissages.<\/strong><\/span><\/p>\n<p>[\/et_pb_text][et_pb_button button_url=\u00a0\u00bbmailto:scol.emoi.44@gmail.com\u00a0\u00bb button_text=\u00a0\u00bbMe contacter\u00a0\u00bb button_alignment=\u00a0\u00bbcenter\u00a0\u00bb _builder_version=\u00a0\u00bb4.27.0&Prime; _module_preset=\u00a0\u00bbdefault\u00a0\u00bb custom_button=\u00a0\u00bbon\u00a0\u00bb button_text_size=\u00a0\u00bb12px\u00a0\u00bb button_text_color=\u00a0\u00bb#FFFFFF\u00a0\u00bb button_bg_color=\u00a0\u00bb#7ac9ff\u00a0\u00bb button_border_width=\u00a0\u00bb1px\u00a0\u00bb button_border_color=\u00a0\u00bb#383838&Prime; button_border_radius=\u00a0\u00bb5px\u00a0\u00bb button_letter_spacing=\u00a0\u00bb1px\u00a0\u00bb button_font=\u00a0\u00bbDM Sans|700||on|||||\u00a0\u00bb button_use_icon=\u00a0\u00bboff\u00a0\u00bb custom_margin=\u00a0\u00bb20px||0px||false|false\u00a0\u00bb custom_padding=\u00a0\u00bb18px|45px|17px|45px|false|false\u00a0\u00bb animation_direction=\u00a0\u00bbbottom\u00a0\u00bb hover_enabled=\u00a0\u00bb0&Prime; global_colors_info=\u00a0\u00bb{}\u00a0\u00bb button_bg_color__hover_enabled=\u00a0\u00bbon|hover\u00a0\u00bb button_bg_color__hover=\u00a0\u00bb#7ac9ff\u00a0\u00bb button_bg_enable_color__hover=\u00a0\u00bbon\u00a0\u00bb button_border_color__hover_enabled=\u00a0\u00bbon|hover\u00a0\u00bb button_border_color__hover=\u00a0\u00bb#738176&Prime; sticky_enabled=\u00a0\u00bb0&Prime;][\/et_pb_button][\/et_pb_column][\/et_pb_row][\/et_pb_section]<\/p>\n","protected":false},"excerpt":{"rendered":"<p>Comment se d\u00e9roule l&rsquo;accompagnement ?Parce que chaque enfant est unique, l\u2019accompagnement commence toujours par un\u00a0temps d\u2019\u00e9change et d\u2019observation pour comprendre ses besoins et construire ensemble la meilleure approche. \u00a01. Prise de contact Vous pouvez me contacter\u00a0par t\u00e9l\u00e9phone, mail ou via LinkedIn\u00a0pour m\u2019exposer vos besoins et poser vos premi\u00e8res questions. Ce premier \u00e9change permet de cerner [&hellip;]<\/p>\n","protected":false},"author":1,"featured_media":0,"parent":0,"menu_order":0,"comment_status":"closed","ping_status":"closed","template":"","meta":{"_et_pb_use_builder":"on","_et_pb_old_content":"","_et_gb_content_width":"","footnotes":""},"class_list":["post-117","page","type-page","status-publish","hentry"],"yoast_head":"<!-- This site is optimized with the Yoast SEO plugin v26.9 - https:\/\/yoast.com\/product\/yoast-seo-wordpress\/ -->\n<title>Comment se d\u00e9roule l&#039;accompagnement ? - Scol&#039;\u00c9moi<\/title>\n<meta name=\"robots\" content=\"index, follow, max-snippet:-1, max-image-preview:large, max-video-preview:-1\" \/>\n<link rel=\"canonical\" href=\"http:\/\/scolemoi.fr\/?page_id=117\" \/>\n<meta property=\"og:locale\" content=\"fr_FR\" \/>\n<meta property=\"og:type\" content=\"article\" \/>\n<meta property=\"og:title\" content=\"Comment se d\u00e9roule l&#039;accompagnement ? - Scol&#039;\u00c9moi\" \/>\n<meta property=\"og:description\" content=\"Comment se d\u00e9roule l&#039;accompagnement ?Parce que chaque enfant est unique, l\u2019accompagnement commence toujours par un\u00a0temps d\u2019\u00e9change et d\u2019observation pour comprendre ses besoins et construire ensemble la meilleure approche. \u00a01. Prise de contact Vous pouvez me contacter\u00a0par t\u00e9l\u00e9phone, mail ou via LinkedIn\u00a0pour m\u2019exposer vos besoins et poser vos premi\u00e8res questions. Ce premier \u00e9change permet de cerner [&hellip;]\" \/>\n<meta property=\"og:url\" content=\"http:\/\/scolemoi.fr\/?page_id=117\" \/>\n<meta property=\"og:site_name\" content=\"Scol&#039;\u00c9moi\" \/>\n<meta property=\"article:modified_time\" content=\"2025-04-09T08:43:37+00:00\" \/>\n<meta name=\"twitter:card\" content=\"summary_large_image\" \/>\n<meta name=\"twitter:label1\" content=\"Dur\u00e9e de lecture estim\u00e9e\" \/>\n\t<meta name=\"twitter:data1\" content=\"3 minutes\" \/>\n<script type=\"application\/ld+json\" class=\"yoast-schema-graph\">{\"@context\":\"https:\/\/schema.org\",\"@graph\":[{\"@type\":\"WebPage\",\"@id\":\"http:\/\/scolemoi.fr\/?page_id=117\",\"url\":\"http:\/\/scolemoi.fr\/?page_id=117\",\"name\":\"Comment se d\u00e9roule l'accompagnement ? - Scol&#039;\u00c9moi\",\"isPartOf\":{\"@id\":\"https:\/\/scolemoi.fr\/#website\"},\"datePublished\":\"2025-03-25T14:34:08+00:00\",\"dateModified\":\"2025-04-09T08:43:37+00:00\",\"breadcrumb\":{\"@id\":\"http:\/\/scolemoi.fr\/?page_id=117#breadcrumb\"},\"inLanguage\":\"fr-FR\",\"potentialAction\":[{\"@type\":\"ReadAction\",\"target\":[\"http:\/\/scolemoi.fr\/?page_id=117\"]}]},{\"@type\":\"BreadcrumbList\",\"@id\":\"http:\/\/scolemoi.fr\/?page_id=117#breadcrumb\",\"itemListElement\":[{\"@type\":\"ListItem\",\"position\":1,\"name\":\"Accueil\",\"item\":\"https:\/\/scolemoi.fr\/\"},{\"@type\":\"ListItem\",\"position\":2,\"name\":\"Comment se d\u00e9roule l&rsquo;accompagnement ?\"}]},{\"@type\":\"WebSite\",\"@id\":\"https:\/\/scolemoi.fr\/#website\",\"url\":\"https:\/\/scolemoi.fr\/\",\"name\":\"Scol&#039;\u00c9moi\",\"description\":\"Apprendre autrement, grandir sereinement.\",\"publisher\":{\"@id\":\"https:\/\/scolemoi.fr\/#organization\"},\"potentialAction\":[{\"@type\":\"SearchAction\",\"target\":{\"@type\":\"EntryPoint\",\"urlTemplate\":\"https:\/\/scolemoi.fr\/?s={search_term_string}\"},\"query-input\":{\"@type\":\"PropertyValueSpecification\",\"valueRequired\":true,\"valueName\":\"search_term_string\"}}],\"inLanguage\":\"fr-FR\"},{\"@type\":\"Organization\",\"@id\":\"https:\/\/scolemoi.fr\/#organization\",\"name\":\"Scol&#039;\u00c9moi\",\"url\":\"https:\/\/scolemoi.fr\/\",\"logo\":{\"@type\":\"ImageObject\",\"inLanguage\":\"fr-FR\",\"@id\":\"https:\/\/scolemoi.fr\/#\/schema\/logo\/image\/\",\"url\":\"https:\/\/scolemoi.fr\/wp-content\/uploads\/2025\/03\/cropped-cropped-identite-site.png\",\"contentUrl\":\"https:\/\/scolemoi.fr\/wp-content\/uploads\/2025\/03\/cropped-cropped-identite-site.png\",\"width\":512,\"height\":512,\"caption\":\"Scol&#039;\u00c9moi\"},\"image\":{\"@id\":\"https:\/\/scolemoi.fr\/#\/schema\/logo\/image\/\"}}]}<\/script>\n<!-- \/ Yoast SEO plugin. -->","yoast_head_json":{"title":"Comment se d\u00e9roule l'accompagnement ? - Scol&#039;\u00c9moi","robots":{"index":"index","follow":"follow","max-snippet":"max-snippet:-1","max-image-preview":"max-image-preview:large","max-video-preview":"max-video-preview:-1"},"canonical":"http:\/\/scolemoi.fr\/?page_id=117","og_locale":"fr_FR","og_type":"article","og_title":"Comment se d\u00e9roule l'accompagnement ? - Scol&#039;\u00c9moi","og_description":"Comment se d\u00e9roule l'accompagnement ?Parce que chaque enfant est unique, l\u2019accompagnement commence toujours par un\u00a0temps d\u2019\u00e9change et d\u2019observation pour comprendre ses besoins et construire ensemble la meilleure approche. \u00a01. Prise de contact Vous pouvez me contacter\u00a0par t\u00e9l\u00e9phone, mail ou via LinkedIn\u00a0pour m\u2019exposer vos besoins et poser vos premi\u00e8res questions. Ce premier \u00e9change permet de cerner [&hellip;]","og_url":"http:\/\/scolemoi.fr\/?page_id=117","og_site_name":"Scol&#039;\u00c9moi","article_modified_time":"2025-04-09T08:43:37+00:00","twitter_card":"summary_large_image","twitter_misc":{"Dur\u00e9e de lecture estim\u00e9e":"3 minutes"},"schema":{"@context":"https:\/\/schema.org","@graph":[{"@type":"WebPage","@id":"http:\/\/scolemoi.fr\/?page_id=117","url":"http:\/\/scolemoi.fr\/?page_id=117","name":"Comment se d\u00e9roule l'accompagnement ? - Scol&#039;\u00c9moi","isPartOf":{"@id":"https:\/\/scolemoi.fr\/#website"},"datePublished":"2025-03-25T14:34:08+00:00","dateModified":"2025-04-09T08:43:37+00:00","breadcrumb":{"@id":"http:\/\/scolemoi.fr\/?page_id=117#breadcrumb"},"inLanguage":"fr-FR","potentialAction":[{"@type":"ReadAction","target":["http:\/\/scolemoi.fr\/?page_id=117"]}]},{"@type":"BreadcrumbList","@id":"http:\/\/scolemoi.fr\/?page_id=117#breadcrumb","itemListElement":[{"@type":"ListItem","position":1,"name":"Accueil","item":"https:\/\/scolemoi.fr\/"},{"@type":"ListItem","position":2,"name":"Comment se d\u00e9roule l&rsquo;accompagnement ?"}]},{"@type":"WebSite","@id":"https:\/\/scolemoi.fr\/#website","url":"https:\/\/scolemoi.fr\/","name":"Scol&#039;\u00c9moi","description":"Apprendre autrement, grandir sereinement.","publisher":{"@id":"https:\/\/scolemoi.fr\/#organization"},"potentialAction":[{"@type":"SearchAction","target":{"@type":"EntryPoint","urlTemplate":"https:\/\/scolemoi.fr\/?s={search_term_string}"},"query-input":{"@type":"PropertyValueSpecification","valueRequired":true,"valueName":"search_term_string"}}],"inLanguage":"fr-FR"},{"@type":"Organization","@id":"https:\/\/scolemoi.fr\/#organization","name":"Scol&#039;\u00c9moi","url":"https:\/\/scolemoi.fr\/","logo":{"@type":"ImageObject","inLanguage":"fr-FR","@id":"https:\/\/scolemoi.fr\/#\/schema\/logo\/image\/","url":"https:\/\/scolemoi.fr\/wp-content\/uploads\/2025\/03\/cropped-cropped-identite-site.png","contentUrl":"https:\/\/scolemoi.fr\/wp-content\/uploads\/2025\/03\/cropped-cropped-identite-site.png","width":512,"height":512,"caption":"Scol&#039;\u00c9moi"},"image":{"@id":"https:\/\/scolemoi.fr\/#\/schema\/logo\/image\/"}}]}},"_links":{"self":[{"href":"https:\/\/scolemoi.fr\/index.php?rest_route=\/wp\/v2\/pages\/117","targetHints":{"allow":["GET"]}}],"collection":[{"href":"https:\/\/scolemoi.fr\/index.php?rest_route=\/wp\/v2\/pages"}],"about":[{"href":"https:\/\/scolemoi.fr\/index.php?rest_route=\/wp\/v2\/types\/page"}],"author":[{"embeddable":true,"href":"https:\/\/scolemoi.fr\/index.php?rest_route=\/wp\/v2\/users\/1"}],"replies":[{"embeddable":true,"href":"https:\/\/scolemoi.fr\/index.php?rest_route=%2Fwp%2Fv2%2Fcomments&post=117"}],"version-history":[{"count":12,"href":"https:\/\/scolemoi.fr\/index.php?rest_route=\/wp\/v2\/pages\/117\/revisions"}],"predecessor-version":[{"id":387,"href":"https:\/\/scolemoi.fr\/index.php?rest_route=\/wp\/v2\/pages\/117\/revisions\/387"}],"wp:attachment":[{"href":"https:\/\/scolemoi.fr\/index.php?rest_route=%2Fwp%2Fv2%2Fmedia&parent=117"}],"curies":[{"name":"wp","href":"https:\/\/api.w.org\/{rel}","templated":true}]}}