{"id":113,"date":"2025-03-25T15:24:15","date_gmt":"2025-03-25T14:24:15","guid":{"rendered":"http:\/\/scolemoi.fr\/?page_id=113"},"modified":"2025-04-09T10:47:08","modified_gmt":"2025-04-09T08:47:08","slug":"scolemoi-en-quelques-mots","status":"publish","type":"page","link":"https:\/\/scolemoi.fr\/?page_id=113","title":{"rendered":"Scol&rsquo;Emoi en quelques mots"},"content":{"rendered":"<p>[et_pb_section fb_built=\u00a0\u00bb1&Prime; custom_padding_last_edited=\u00a0\u00bbon|phone\u00a0\u00bb _builder_version=\u00a0\u00bb4.24.2&Prime; _module_preset=\u00a0\u00bbdefault\u00a0\u00bb background_color=\u00a0\u00bb#f7f6f4&Prime; custom_margin=\u00a0\u00bb0px||0px||false|false\u00a0\u00bb custom_padding=\u00a0\u00bb120px||120px||false|false\u00a0\u00bb custom_padding_tablet=\u00a0\u00bb120px||120px||false|false\u00a0\u00bb custom_padding_phone=\u00a0\u00bb90px||90px||false|false\u00a0\u00bb global_colors_info=\u00a0\u00bb{}\u00a0\u00bb][et_pb_row _builder_version=\u00a0\u00bb4.24.2&Prime; _module_preset=\u00a0\u00bbdefault\u00a0\u00bb width=\u00a0\u00bb90%\u00a0\u00bb max_width=\u00a0\u00bb1290px\u00a0\u00bb custom_margin=\u00a0\u00bb0px||25px||false|false\u00a0\u00bb custom_padding=\u00a0\u00bb0px||0px||false|false\u00a0\u00bb global_colors_info=\u00a0\u00bb{}\u00a0\u00bb][et_pb_column type=\u00a0\u00bb4_4&Prime; _builder_version=\u00a0\u00bb4.21.0&Prime; _module_preset=\u00a0\u00bbdefault\u00a0\u00bb global_colors_info=\u00a0\u00bb{}\u00a0\u00bb][et_pb_text _builder_version=\u00a0\u00bb4.27.0&Prime; _module_preset=\u00a0\u00bbdefault\u00a0\u00bb text_font=\u00a0\u00bb|||on|||||\u00a0\u00bb text_text_color=\u00a0\u00bb#000000&Prime; text_letter_spacing=\u00a0\u00bb3px\u00a0\u00bb header_4_font=\u00a0\u00bbPrata|700||on|||||\u00a0\u00bb header_4_text_align=\u00a0\u00bbleft\u00a0\u00bb header_4_text_color=\u00a0\u00bb#0c0f26&Prime; header_4_font_size=\u00a0\u00bb11px\u00a0\u00bb header_4_letter_spacing=\u00a0\u00bb2px\u00a0\u00bb header_4_line_height=\u00a0\u00bb1.2em\u00a0\u00bb max_width=\u00a0\u00bb600px\u00a0\u00bb custom_margin=\u00a0\u00bb0px||11px||false|false\u00a0\u00bb custom_margin_tablet=\u00a0\u00bb0px||||false|false\u00a0\u00bb custom_margin_phone=\u00a0\u00bb0px||11px||false|false\u00a0\u00bb custom_margin_last_edited=\u00a0\u00bboff|tablet\u00a0\u00bb custom_padding=\u00a0\u00bb0px||0px||false|false\u00a0\u00bb global_colors_info=\u00a0\u00bb{}\u00a0\u00bb]<\/p>\n<p>L&rsquo;aventure Scol&rsquo;Emoi<\/p>\n<p>[\/et_pb_text][et_pb_text _builder_version=\u00a0\u00bb4.27.0&Prime; _module_preset=\u00a0\u00bbdefault\u00a0\u00bb header_2_font=\u00a0\u00bbPrata|700|||||||\u00a0\u00bb header_2_text_align=\u00a0\u00bbleft\u00a0\u00bb header_2_text_color=\u00a0\u00bb#0c0f26&Prime; header_2_font_size=\u00a0\u00bb47px\u00a0\u00bb header_2_line_height=\u00a0\u00bb1.3em\u00a0\u00bb max_width=\u00a0\u00bb1000px\u00a0\u00bb custom_margin=\u00a0\u00bb0px||0px||false|false\u00a0\u00bb custom_padding=\u00a0\u00bb0px||0px||false|false\u00a0\u00bb header_2_font_size_tablet=\u00a0\u00bb47px\u00a0\u00bb header_2_font_size_phone=\u00a0\u00bb30px\u00a0\u00bb header_2_font_size_last_edited=\u00a0\u00bbon|phone\u00a0\u00bb global_colors_info=\u00a0\u00bb{}\u00a0\u00bb]<\/p>\n<h2>Scol&rsquo;Emoi en quelques mots<\/h2>\n<p>[\/et_pb_text][et_pb_text _builder_version=\u00a0\u00bb4.27.0&Prime; _module_preset=\u00a0\u00bbdefault\u00a0\u00bb text_font=\u00a0\u00bbGlory||||||||\u00a0\u00bb text_text_color=\u00a0\u00bb#6b6e71&Prime; text_font_size=\u00a0\u00bb19px\u00a0\u00bb text_line_height=\u00a0\u00bb1.4em\u00a0\u00bb custom_margin=\u00a0\u00bb0px||24px||false|false\u00a0\u00bb custom_padding=\u00a0\u00bb0px||0px||false|false\u00a0\u00bb global_colors_info=\u00a0\u00bb{}\u00a0\u00bb]<\/p>\n<p><strong>Scolarit\u00e9 et \u00e9motion main dans la main sur le chemin de l\u2019apprentissage<\/strong><\/p>\n<p>[\/et_pb_text][\/et_pb_column][\/et_pb_row][et_pb_row use_custom_gutter=\u00a0\u00bbon\u00a0\u00bb gutter_width=\u00a0\u00bb2&Prime; make_equal=\u00a0\u00bbon\u00a0\u00bb _builder_version=\u00a0\u00bb4.27.0&Prime; _module_preset=\u00a0\u00bbdefault\u00a0\u00bb width=\u00a0\u00bb90%\u00a0\u00bb max_width=\u00a0\u00bb1290px\u00a0\u00bb custom_margin=\u00a0\u00bb0px||0px||false|false\u00a0\u00bb custom_padding=\u00a0\u00bb0px||0px||false|false\u00a0\u00bb hover_enabled=\u00a0\u00bb0&Prime; global_colors_info=\u00a0\u00bb{}\u00a0\u00bb sticky_enabled=\u00a0\u00bb0&Prime;][et_pb_column type=\u00a0\u00bb4_4&Prime; _builder_version=\u00a0\u00bb4.27.0&Prime; _module_preset=\u00a0\u00bbdefault\u00a0\u00bb background_color=\u00a0\u00bb#FFFFFF\u00a0\u00bb custom_padding=\u00a0\u00bb55px|35px|34px|35px|false|false\u00a0\u00bb link_option_url=\u00a0\u00bb#\u00a0\u00bb global_colors_info=\u00a0\u00bb{}\u00a0\u00bb][et_pb_text _builder_version=\u00a0\u00bb4.27.0&Prime; _module_preset=\u00a0\u00bbdefault\u00a0\u00bb header_3_font=\u00a0\u00bbPrata|700|||||||\u00a0\u00bb header_3_text_align=\u00a0\u00bbcenter\u00a0\u00bb header_3_text_color=\u00a0\u00bb#0c0f26&Prime; header_3_font_size=\u00a0\u00bb20px\u00a0\u00bb header_3_line_height=\u00a0\u00bb1.2em\u00a0\u00bb custom_margin=\u00a0\u00bb0px||0px||false|false\u00a0\u00bb custom_padding=\u00a0\u00bb0px||0px||false|false\u00a0\u00bb hover_enabled=\u00a0\u00bb0&Prime; global_colors_info=\u00a0\u00bb{}\u00a0\u00bb sticky_enabled=\u00a0\u00bb0&Prime;]<\/p>\n<p style=\"text-align: left;\">La scolarit\u00e9 est un passage incontournable dans la vie d\u2019un enfant.\u00a0<strong>Pendant des ann\u00e9es, elle rythme son quotidien, forge ses exp\u00e9riences, nourrit ses ambitions\u2026 mais aussi ses doutes et ses peurs.<\/strong>\u00a0Apprendre, ce n\u2019est pas seulement accumuler des connaissances, c\u2019est aussi\u00a0<strong>ressentir<\/strong>, traverser des \u00e9motions qui, selon l\u2019accompagnement re\u00e7u, peuvent \u00eatre moteurs ou au contraire devenir des freins.<\/p>\n<p style=\"text-align: justify;\">[\/et_pb_text][et_pb_text _builder_version=\u00a0\u00bb4.27.0&Prime; _module_preset=\u00a0\u00bbdefault\u00a0\u00bb text_font=\u00a0\u00bb||||||||\u00a0\u00bb text_text_color=\u00a0\u00bb#6b6e71&Prime; text_line_height=\u00a0\u00bb1.4em\u00a0\u00bb text_orientation=\u00a0\u00bbcenter\u00a0\u00bb custom_margin=\u00a0\u00bb0px||24px||false|false\u00a0\u00bb custom_padding=\u00a0\u00bb0px||0px||false|false\u00a0\u00bb hover_enabled=\u00a0\u00bb0&Prime; global_colors_info=\u00a0\u00bb{}\u00a0\u00bb sticky_enabled=\u00a0\u00bb0&Prime;]<\/p>\n<p style=\"text-align: left;\"><strong>Scol\u2019\u00c9moi est n\u00e9 de cette conviction profonde : on ne peut pas dissocier \u00e9motion et apprentissage.<\/strong>\u00a0Chacun a des r\u00e9percussions sur l\u2019autre, en permanence et r\u00e9ciproquement.<\/p>\n<p>[\/et_pb_text][et_pb_text _builder_version=\u00a0\u00bb4.27.0&Prime; _module_preset=\u00a0\u00bbdefault\u00a0\u00bb text_font=\u00a0\u00bb||||||||\u00a0\u00bb text_text_color=\u00a0\u00bb#6b6e71&Prime; text_line_height=\u00a0\u00bb1.4em\u00a0\u00bb text_orientation=\u00a0\u00bbcenter\u00a0\u00bb custom_margin=\u00a0\u00bb0px||24px||false|false\u00a0\u00bb custom_padding=\u00a0\u00bb0px||0px||false|false\u00a0\u00bb hover_enabled=\u00a0\u00bb0&Prime; global_colors_info=\u00a0\u00bb{}\u00a0\u00bb sticky_enabled=\u00a0\u00bb0&Prime;]<\/p>\n<p style=\"text-align: left;\">Lorsqu\u2019un enfant rencontre des difficult\u00e9s scolaires,\u00a0<strong>ce ne sont pas uniquement ses apprentissages qui vacillent, c\u2019est aussi son estime de lui-m\u00eame<\/strong>. \u00c0 l\u2019inverse, un enfant encourag\u00e9, soutenu dans ses \u00e9motions et compris dans son fonctionnement peut\u00a0<strong>oser essayer, progresser et retrouver le plaisir d\u2019apprendre<\/strong>.<\/p>\n<p>[\/et_pb_text][et_pb_text _builder_version=\u00a0\u00bb4.27.0&Prime; _module_preset=\u00a0\u00bbdefault\u00a0\u00bb text_font=\u00a0\u00bb||||||||\u00a0\u00bb text_text_color=\u00a0\u00bb#6b6e71&Prime; text_line_height=\u00a0\u00bb1.4em\u00a0\u00bb text_orientation=\u00a0\u00bbcenter\u00a0\u00bb custom_margin=\u00a0\u00bb0px||24px||false|false\u00a0\u00bb custom_padding=\u00a0\u00bb0px||0px||false|false\u00a0\u00bb hover_enabled=\u00a0\u00bb0&Prime; global_colors_info=\u00a0\u00bb{}\u00a0\u00bb sticky_enabled=\u00a0\u00bb0&Prime;]<\/p>\n<p style=\"text-align: left;\">Ce lien entre scolarit\u00e9 et \u00e9motions, je l\u2019ai approfondi en me formant aux\u00a0<strong>comp\u00e9tences \u00e9motionnelles<\/strong>, notamment gr\u00e2ce aux travaux de\u00a0<strong>Mo\u00efra Mikolajczak<\/strong>.\u00a0<strong>Accompagner un enfant, c\u2019est l\u2019aider \u00e0 apprivoiser ses \u00e9motions pour qu\u2019elles deviennent des alli\u00e9es dans son parcours scolaire.<\/strong><\/p>\n<p>[\/et_pb_text][et_pb_text _builder_version=\u00a0\u00bb4.27.0&Prime; _module_preset=\u00a0\u00bbdefault\u00a0\u00bb text_font=\u00a0\u00bb||||||||\u00a0\u00bb text_text_color=\u00a0\u00bb#6b6e71&Prime; text_line_height=\u00a0\u00bb1.4em\u00a0\u00bb text_orientation=\u00a0\u00bbcenter\u00a0\u00bb custom_margin=\u00a0\u00bb0px||24px||false|false\u00a0\u00bb custom_padding=\u00a0\u00bb0px||0px||false|false\u00a0\u00bb hover_enabled=\u00a0\u00bb0&Prime; global_colors_info=\u00a0\u00bb{}\u00a0\u00bb sticky_enabled=\u00a0\u00bb0&Prime;]<\/p>\n<p style=\"text-align: left;\">Et puis, il y a ce jeu de sonorit\u00e9s :\u00a0<strong>Scol\u2019\u00c9moi, c\u2019est aussi \u201cScol et moi\u201d<\/strong>, comme une mani\u00e8re pour l\u2019enfant de se r\u00e9approprier son parcours.\u00a0<strong>S&rsquo;interroger \u201cj\u2019en suis o\u00f9 ?\u201d, retrouver confiance et s\u2019autoriser \u00e0 apprendre \u00e0 nouveau.<\/strong><\/p>\n<p>[\/et_pb_text][et_pb_text _builder_version=\u00a0\u00bb4.27.0&Prime; _module_preset=\u00a0\u00bbdefault\u00a0\u00bb text_font=\u00a0\u00bb||||||||\u00a0\u00bb text_text_color=\u00a0\u00bb#6b6e71&Prime; text_line_height=\u00a0\u00bb1.4em\u00a0\u00bb text_orientation=\u00a0\u00bbcenter\u00a0\u00bb custom_margin=\u00a0\u00bb0px||24px||false|false\u00a0\u00bb custom_padding=\u00a0\u00bb0px||0px||false|false\u00a0\u00bb hover_enabled=\u00a0\u00bb0&Prime; global_colors_info=\u00a0\u00bb{}\u00a0\u00bb sticky_enabled=\u00a0\u00bb0&Prime;]<\/p>\n<p style=\"text-align: left;\">Mais derri\u00e8re ce nom, il y a aussi une histoire qui me touche profond\u00e9ment.\u00a0<strong>Mon p\u00e8re est dyslexique et dysorthographique<\/strong>. L\u2019\u00e9cole a \u00e9t\u00e9 une v\u00e9ritable \u00e9preuve pour lui, sem\u00e9e d\u2019emb\u00fbches et de doutes. Mais une personne a cru en lui, sans jamais faiblir : <strong>sa m\u00e8re, ma grand-m\u00e8re su\u00e9doise<\/strong>. Elle l\u2019a soutenu, encourag\u00e9, aid\u00e9 \u00e0 garder confiance en ses capacit\u00e9s. Et il a r\u00e9ussi.\u00a0<strong>Malgr\u00e9 les difficult\u00e9s, il a suivi son r\u00eave et est devenu m\u00e9decin, professeur en neuroradiologie.<\/strong><\/p>\n<p>[\/et_pb_text][et_pb_text _builder_version=\u00a0\u00bb4.27.0&Prime; _module_preset=\u00a0\u00bbdefault\u00a0\u00bb text_font=\u00a0\u00bb||||||||\u00a0\u00bb text_text_color=\u00a0\u00bb#6b6e71&Prime; text_line_height=\u00a0\u00bb1.4em\u00a0\u00bb text_orientation=\u00a0\u00bbcenter\u00a0\u00bb custom_margin=\u00a0\u00bb0px||24px||false|false\u00a0\u00bb custom_padding=\u00a0\u00bb0px||0px||false|false\u00a0\u00bb hover_enabled=\u00a0\u00bb0&Prime; global_colors_info=\u00a0\u00bb{}\u00a0\u00bb sticky_enabled=\u00a0\u00bb0&Prime;]<\/p>\n<p style=\"text-align: left;\">Aujourd\u2019hui, \u00e0 travers\u00a0<strong>Scol\u2019\u00c9moi<\/strong>, c\u2019est cette m\u00eame conviction que je veux transmettre aux enfants que j\u2019accompagne :\u00a0<strong>\u00eatre \u00e0 l\u2019\u00e9coute de leurs \u00e9motions, les aider \u00e0 d\u00e9passer leurs blocages, leur prouver qu\u2019ils ont en eux les ressources pour avancer.<\/strong><\/p>\n<p>[\/et_pb_text][et_pb_text _builder_version=\u00a0\u00bb4.27.0&Prime; _module_preset=\u00a0\u00bbdefault\u00a0\u00bb text_font=\u00a0\u00bb||||||||\u00a0\u00bb text_text_color=\u00a0\u00bb#6b6e71&Prime; text_line_height=\u00a0\u00bb1.4em\u00a0\u00bb text_orientation=\u00a0\u00bbcenter\u00a0\u00bb custom_margin=\u00a0\u00bb0px||24px||false|false\u00a0\u00bb custom_padding=\u00a0\u00bb0px||0px||false|false\u00a0\u00bb hover_enabled=\u00a0\u00bb0&Prime; global_colors_info=\u00a0\u00bb{}\u00a0\u00bb sticky_enabled=\u00a0\u00bb0&Prime;]<\/p>\n<p style=\"text-align: left;\"><strong data-start=\"201\" data-end=\"265\">Et puis, il y a ce petit clin d\u2019\u0153il \u00e0 mes racines su\u00e9doises.<\/strong><span> Dans ma famille, on aime c\u00e9l\u00e9brer chaque victoire, si infime soit-elle, en s&rsquo;exclamant <\/span><strong data-start=\"353\" data-end=\"365\">\u00ab\u00a0Sk\u00e5l !\u00a0\u00bb<\/strong><span>, un mot qui signifie \u00ab\u00a0tchin\u00a0\u00bb, \u00ab\u00a0sant\u00e9\u00a0\u00bb en su\u00e9dois. C\u2019est une fa\u00e7on de lever son verre, <\/span><strong data-start=\"452\" data-end=\"501\">de savourer les r\u00e9ussites, grandes ou petites<\/strong><span>. Parce que chaque pas en avant m\u00e9rite d\u2019\u00eatre reconnu. Parce que <\/span><strong data-start=\"566\" data-end=\"630\">retrouver le go\u00fbt d\u2019apprendre est d\u00e9j\u00e0 une immense victoire.<\/strong><\/p>\n<p>[\/et_pb_text][et_pb_text _builder_version=\u00a0\u00bb4.27.0&Prime; _module_preset=\u00a0\u00bbdefault\u00a0\u00bb text_font=\u00a0\u00bb||||||||\u00a0\u00bb text_text_color=\u00a0\u00bb#6b6e71&Prime; text_line_height=\u00a0\u00bb1.4em\u00a0\u00bb text_orientation=\u00a0\u00bbcenter\u00a0\u00bb custom_margin=\u00a0\u00bb0px||24px||false|false\u00a0\u00bb custom_padding=\u00a0\u00bb0px||0px||false|false\u00a0\u00bb hover_enabled=\u00a0\u00bb0&Prime; global_colors_info=\u00a0\u00bb{}\u00a0\u00bb sticky_enabled=\u00a0\u00bb0&Prime;]<\/p>\n<p style=\"text-align: left;\"><strong>Scol\u2019\u00c9moi, c\u2019est une \u00e9cole autrement. Une \u00e9cole qui s\u2019adapte \u00e0 l\u2019enfant, et non l\u2019inverse.<\/strong>\u00a0\u00ab\u00a0Sk\u00e5l\u00a0! \u00bb \u00e0 tous ces chemins que l\u2019on construit ensemble.<\/p>\n<p>[\/et_pb_text][et_pb_button button_url=\u00a0\u00bbmailto:scol.emoi.44@gmail.com\u00a0\u00bb button_text=\u00a0\u00bbMe contacter\u00a0\u00bb button_alignment=\u00a0\u00bbcenter\u00a0\u00bb _builder_version=\u00a0\u00bb4.27.0&Prime; _module_preset=\u00a0\u00bbdefault\u00a0\u00bb custom_button=\u00a0\u00bbon\u00a0\u00bb button_text_size=\u00a0\u00bb10px\u00a0\u00bb button_text_color=\u00a0\u00bb#FFFFFF\u00a0\u00bb button_bg_color=\u00a0\u00bb#7ac9ff\u00a0\u00bb button_border_width=\u00a0\u00bb1px\u00a0\u00bb button_border_color=\u00a0\u00bb#383838&Prime; button_border_radius=\u00a0\u00bb5px\u00a0\u00bb button_letter_spacing=\u00a0\u00bb1px\u00a0\u00bb button_font=\u00a0\u00bbDM Sans|700||on|||||\u00a0\u00bb button_use_icon=\u00a0\u00bboff\u00a0\u00bb custom_margin=\u00a0\u00bb20px||0px||false|false\u00a0\u00bb custom_padding=\u00a0\u00bb18px|45px|17px|45px|false|false\u00a0\u00bb animation_direction=\u00a0\u00bbbottom\u00a0\u00bb global_colors_info=\u00a0\u00bb{}\u00a0\u00bb button_bg_color__hover_enabled=\u00a0\u00bbon|hover\u00a0\u00bb button_bg_color__hover=\u00a0\u00bb#7ac9ff\u00a0\u00bb button_bg_enable_color__hover=\u00a0\u00bbon\u00a0\u00bb button_border_color__hover_enabled=\u00a0\u00bbon|hover\u00a0\u00bb button_border_color__hover=\u00a0\u00bb#7ea860&Prime;][\/et_pb_button][\/et_pb_column][\/et_pb_row][\/et_pb_section]<\/p>\n","protected":false},"excerpt":{"rendered":"<p>L&rsquo;aventure Scol&rsquo;EmoiScol&rsquo;Emoi en quelques motsScolarit\u00e9 et \u00e9motion main dans la main sur le chemin de l\u2019apprentissageLa scolarit\u00e9 est un passage incontournable dans la vie d\u2019un enfant.\u00a0Pendant des ann\u00e9es, elle rythme son quotidien, forge ses exp\u00e9riences, nourrit ses ambitions\u2026 mais aussi ses doutes et ses peurs.\u00a0Apprendre, ce n\u2019est pas seulement accumuler des connaissances, c\u2019est aussi\u00a0ressentir, traverser [&hellip;]<\/p>\n","protected":false},"author":1,"featured_media":0,"parent":0,"menu_order":0,"comment_status":"closed","ping_status":"closed","template":"","meta":{"_et_pb_use_builder":"on","_et_pb_old_content":"","_et_gb_content_width":"","footnotes":""},"class_list":["post-113","page","type-page","status-publish","hentry"],"yoast_head":"<!-- This site is optimized with the Yoast SEO plugin v26.9 - https:\/\/yoast.com\/product\/yoast-seo-wordpress\/ -->\n<title>Scol&#039;Emoi en quelques mots - Scol&#039;\u00c9moi<\/title>\n<meta name=\"robots\" content=\"index, follow, max-snippet:-1, max-image-preview:large, max-video-preview:-1\" \/>\n<link rel=\"canonical\" href=\"http:\/\/scolemoi.fr\/?page_id=113\" \/>\n<meta property=\"og:locale\" content=\"fr_FR\" \/>\n<meta property=\"og:type\" content=\"article\" \/>\n<meta property=\"og:title\" content=\"Scol&#039;Emoi en quelques mots - Scol&#039;\u00c9moi\" \/>\n<meta property=\"og:description\" content=\"L&#039;aventure Scol&#039;EmoiScol&#039;Emoi en quelques motsScolarit\u00e9 et \u00e9motion main dans la main sur le chemin de l\u2019apprentissageLa scolarit\u00e9 est un passage incontournable dans la vie d\u2019un enfant.\u00a0Pendant des ann\u00e9es, elle rythme son quotidien, forge ses exp\u00e9riences, nourrit ses ambitions\u2026 mais aussi ses doutes et ses peurs.\u00a0Apprendre, ce n\u2019est pas seulement accumuler des connaissances, c\u2019est aussi\u00a0ressentir, traverser [&hellip;]\" \/>\n<meta property=\"og:url\" content=\"http:\/\/scolemoi.fr\/?page_id=113\" \/>\n<meta property=\"og:site_name\" content=\"Scol&#039;\u00c9moi\" \/>\n<meta property=\"article:modified_time\" content=\"2025-04-09T08:47:08+00:00\" \/>\n<meta name=\"twitter:card\" content=\"summary_large_image\" \/>\n<meta name=\"twitter:label1\" content=\"Dur\u00e9e de lecture estim\u00e9e\" \/>\n\t<meta name=\"twitter:data1\" content=\"7 minutes\" \/>\n<script type=\"application\/ld+json\" class=\"yoast-schema-graph\">{\"@context\":\"https:\/\/schema.org\",\"@graph\":[{\"@type\":\"WebPage\",\"@id\":\"http:\/\/scolemoi.fr\/?page_id=113\",\"url\":\"http:\/\/scolemoi.fr\/?page_id=113\",\"name\":\"Scol'Emoi en quelques mots - Scol&#039;\u00c9moi\",\"isPartOf\":{\"@id\":\"https:\/\/scolemoi.fr\/#website\"},\"datePublished\":\"2025-03-25T14:24:15+00:00\",\"dateModified\":\"2025-04-09T08:47:08+00:00\",\"breadcrumb\":{\"@id\":\"http:\/\/scolemoi.fr\/?page_id=113#breadcrumb\"},\"inLanguage\":\"fr-FR\",\"potentialAction\":[{\"@type\":\"ReadAction\",\"target\":[\"http:\/\/scolemoi.fr\/?page_id=113\"]}]},{\"@type\":\"BreadcrumbList\",\"@id\":\"http:\/\/scolemoi.fr\/?page_id=113#breadcrumb\",\"itemListElement\":[{\"@type\":\"ListItem\",\"position\":1,\"name\":\"Accueil\",\"item\":\"https:\/\/scolemoi.fr\/\"},{\"@type\":\"ListItem\",\"position\":2,\"name\":\"Scol&rsquo;Emoi en quelques mots\"}]},{\"@type\":\"WebSite\",\"@id\":\"https:\/\/scolemoi.fr\/#website\",\"url\":\"https:\/\/scolemoi.fr\/\",\"name\":\"Scol&#039;\u00c9moi\",\"description\":\"Apprendre autrement, grandir sereinement.\",\"publisher\":{\"@id\":\"https:\/\/scolemoi.fr\/#organization\"},\"potentialAction\":[{\"@type\":\"SearchAction\",\"target\":{\"@type\":\"EntryPoint\",\"urlTemplate\":\"https:\/\/scolemoi.fr\/?s={search_term_string}\"},\"query-input\":{\"@type\":\"PropertyValueSpecification\",\"valueRequired\":true,\"valueName\":\"search_term_string\"}}],\"inLanguage\":\"fr-FR\"},{\"@type\":\"Organization\",\"@id\":\"https:\/\/scolemoi.fr\/#organization\",\"name\":\"Scol&#039;\u00c9moi\",\"url\":\"https:\/\/scolemoi.fr\/\",\"logo\":{\"@type\":\"ImageObject\",\"inLanguage\":\"fr-FR\",\"@id\":\"https:\/\/scolemoi.fr\/#\/schema\/logo\/image\/\",\"url\":\"https:\/\/scolemoi.fr\/wp-content\/uploads\/2025\/03\/cropped-cropped-identite-site.png\",\"contentUrl\":\"https:\/\/scolemoi.fr\/wp-content\/uploads\/2025\/03\/cropped-cropped-identite-site.png\",\"width\":512,\"height\":512,\"caption\":\"Scol&#039;\u00c9moi\"},\"image\":{\"@id\":\"https:\/\/scolemoi.fr\/#\/schema\/logo\/image\/\"}}]}<\/script>\n<!-- \/ Yoast SEO plugin. -->","yoast_head_json":{"title":"Scol'Emoi en quelques mots - Scol&#039;\u00c9moi","robots":{"index":"index","follow":"follow","max-snippet":"max-snippet:-1","max-image-preview":"max-image-preview:large","max-video-preview":"max-video-preview:-1"},"canonical":"http:\/\/scolemoi.fr\/?page_id=113","og_locale":"fr_FR","og_type":"article","og_title":"Scol'Emoi en quelques mots - Scol&#039;\u00c9moi","og_description":"L'aventure Scol'EmoiScol'Emoi en quelques motsScolarit\u00e9 et \u00e9motion main dans la main sur le chemin de l\u2019apprentissageLa scolarit\u00e9 est un passage incontournable dans la vie d\u2019un enfant.\u00a0Pendant des ann\u00e9es, elle rythme son quotidien, forge ses exp\u00e9riences, nourrit ses ambitions\u2026 mais aussi ses doutes et ses peurs.\u00a0Apprendre, ce n\u2019est pas seulement accumuler des connaissances, c\u2019est aussi\u00a0ressentir, traverser [&hellip;]","og_url":"http:\/\/scolemoi.fr\/?page_id=113","og_site_name":"Scol&#039;\u00c9moi","article_modified_time":"2025-04-09T08:47:08+00:00","twitter_card":"summary_large_image","twitter_misc":{"Dur\u00e9e de lecture estim\u00e9e":"7 minutes"},"schema":{"@context":"https:\/\/schema.org","@graph":[{"@type":"WebPage","@id":"http:\/\/scolemoi.fr\/?page_id=113","url":"http:\/\/scolemoi.fr\/?page_id=113","name":"Scol'Emoi en quelques mots - Scol&#039;\u00c9moi","isPartOf":{"@id":"https:\/\/scolemoi.fr\/#website"},"datePublished":"2025-03-25T14:24:15+00:00","dateModified":"2025-04-09T08:47:08+00:00","breadcrumb":{"@id":"http:\/\/scolemoi.fr\/?page_id=113#breadcrumb"},"inLanguage":"fr-FR","potentialAction":[{"@type":"ReadAction","target":["http:\/\/scolemoi.fr\/?page_id=113"]}]},{"@type":"BreadcrumbList","@id":"http:\/\/scolemoi.fr\/?page_id=113#breadcrumb","itemListElement":[{"@type":"ListItem","position":1,"name":"Accueil","item":"https:\/\/scolemoi.fr\/"},{"@type":"ListItem","position":2,"name":"Scol&rsquo;Emoi en quelques mots"}]},{"@type":"WebSite","@id":"https:\/\/scolemoi.fr\/#website","url":"https:\/\/scolemoi.fr\/","name":"Scol&#039;\u00c9moi","description":"Apprendre autrement, grandir sereinement.","publisher":{"@id":"https:\/\/scolemoi.fr\/#organization"},"potentialAction":[{"@type":"SearchAction","target":{"@type":"EntryPoint","urlTemplate":"https:\/\/scolemoi.fr\/?s={search_term_string}"},"query-input":{"@type":"PropertyValueSpecification","valueRequired":true,"valueName":"search_term_string"}}],"inLanguage":"fr-FR"},{"@type":"Organization","@id":"https:\/\/scolemoi.fr\/#organization","name":"Scol&#039;\u00c9moi","url":"https:\/\/scolemoi.fr\/","logo":{"@type":"ImageObject","inLanguage":"fr-FR","@id":"https:\/\/scolemoi.fr\/#\/schema\/logo\/image\/","url":"https:\/\/scolemoi.fr\/wp-content\/uploads\/2025\/03\/cropped-cropped-identite-site.png","contentUrl":"https:\/\/scolemoi.fr\/wp-content\/uploads\/2025\/03\/cropped-cropped-identite-site.png","width":512,"height":512,"caption":"Scol&#039;\u00c9moi"},"image":{"@id":"https:\/\/scolemoi.fr\/#\/schema\/logo\/image\/"}}]}},"_links":{"self":[{"href":"https:\/\/scolemoi.fr\/index.php?rest_route=\/wp\/v2\/pages\/113","targetHints":{"allow":["GET"]}}],"collection":[{"href":"https:\/\/scolemoi.fr\/index.php?rest_route=\/wp\/v2\/pages"}],"about":[{"href":"https:\/\/scolemoi.fr\/index.php?rest_route=\/wp\/v2\/types\/page"}],"author":[{"embeddable":true,"href":"https:\/\/scolemoi.fr\/index.php?rest_route=\/wp\/v2\/users\/1"}],"replies":[{"embeddable":true,"href":"https:\/\/scolemoi.fr\/index.php?rest_route=%2Fwp%2Fv2%2Fcomments&post=113"}],"version-history":[{"count":9,"href":"https:\/\/scolemoi.fr\/index.php?rest_route=\/wp\/v2\/pages\/113\/revisions"}],"predecessor-version":[{"id":389,"href":"https:\/\/scolemoi.fr\/index.php?rest_route=\/wp\/v2\/pages\/113\/revisions\/389"}],"wp:attachment":[{"href":"https:\/\/scolemoi.fr\/index.php?rest_route=%2Fwp%2Fv2%2Fmedia&parent=113"}],"curies":[{"name":"wp","href":"https:\/\/api.w.org\/{rel}","templated":true}]}}